{"id":622,"date":"2020-12-21T09:25:09","date_gmt":"2020-12-21T09:25:09","guid":{"rendered":"https:\/\/www.scdabraila.ro\/?page_id=622"},"modified":"2025-08-18T10:15:11","modified_gmt":"2025-08-18T10:15:11","slug":"informatii-de-interes-public","status":"publish","type":"page","link":"https:\/\/www.scdabraila.ro\/index.php\/informatii-de-interes-public\/","title":{"rendered":"INFORMATII DE INTERES PUBLIC"},"content":{"rendered":"\n<figure class=\"wp-block-image size-large is-resized\"><img fetchpriority=\"high\" decoding=\"async\" width=\"1024\" height=\"319\" src=\"https:\/\/www.scdabraila.ro\/wp-content\/uploads\/2021\/04\/acces-rosu-1024x319.jpg\" alt=\"\" class=\"wp-image-1211\" style=\"width:518px;height:161px\" srcset=\"https:\/\/www.scdabraila.ro\/wp-content\/uploads\/2021\/04\/acces-rosu-1024x319.jpg 1024w, https:\/\/www.scdabraila.ro\/wp-content\/uploads\/2021\/04\/acces-rosu-600x187.jpg 600w, https:\/\/www.scdabraila.ro\/wp-content\/uploads\/2021\/04\/acces-rosu-300x94.jpg 300w, https:\/\/www.scdabraila.ro\/wp-content\/uploads\/2021\/04\/acces-rosu-768x240.jpg 768w, https:\/\/www.scdabraila.ro\/wp-content\/uploads\/2021\/04\/acces-rosu-1536x479.jpg 1536w, https:\/\/www.scdabraila.ro\/wp-content\/uploads\/2021\/04\/acces-rosu.jpg 1600w\" sizes=\"(max-width: 1024px) 100vw, 1024px\" \/><\/figure>\n\n\n\n<figure class=\"wp-block-embed is-type-wp-embed is-provider-scda-braila wp-block-embed-scda-braila\"><div class=\"wp-block-embed__wrapper\">\n<blockquote class=\"wp-embedded-content\" data-secret=\"DEA9yhvJWq\"><a href=\"https:\/\/www.scdabraila.ro\/index.php\/buletin-informativ\/\">Buletin informativ<\/a><\/blockquote><iframe class=\"wp-embedded-content\" sandbox=\"allow-scripts\" security=\"restricted\" style=\"position: absolute; clip: rect(1px, 1px, 1px, 1px);\" title=\"&#8222;Buletin informativ&#8221; &#8212; \" src=\"https:\/\/www.scdabraila.ro\/index.php\/buletin-informativ\/embed\/#?secret=DEA9yhvJWq\" data-secret=\"DEA9yhvJWq\" width=\"600\" height=\"338\" frameborder=\"0\" marginwidth=\"0\" marginheight=\"0\" scrolling=\"no\"><\/iframe>\n<\/div><\/figure>\n\n\n\n<figure class=\"wp-block-embed is-type-wp-embed is-provider-scda-braila wp-block-embed-scda-braila\"><div class=\"wp-block-embed__wrapper\">\n<blockquote class=\"wp-embedded-content\" data-secret=\"L63IioEpA4\"><a href=\"https:\/\/www.scdabraila.ro\/index.php\/avertizare-in-interes-public\/\">AVERTIZARE IN INTERES PUBLIC<\/a><\/blockquote><iframe class=\"wp-embedded-content\" sandbox=\"allow-scripts\" security=\"restricted\" style=\"position: absolute; visibility: hidden;\" title=\"&#8222;AVERTIZARE IN INTERES PUBLIC&#8221; &#8211; SCDA Braila\" src=\"https:\/\/www.scdabraila.ro\/index.php\/avertizare-in-interes-public\/embed\/#?secret=Qygph6odyX#?secret=L63IioEpA4\" data-secret=\"L63IioEpA4\" width=\"600\" height=\"338\" frameborder=\"0\" marginwidth=\"0\" marginheight=\"0\" scrolling=\"no\"><\/iframe>\n<\/div><\/figure>\n\n\n\n<figure class=\"wp-block-embed is-type-wp-embed is-provider-scda-braila wp-block-embed-scda-braila\"><div class=\"wp-block-embed__wrapper\">\n<blockquote class=\"wp-embedded-content\" data-secret=\"wEuc0zI3qQ\"><a href=\"https:\/\/www.scdabraila.ro\/index.php\/organizare-2\/\">Organigrama<\/a><\/blockquote><iframe class=\"wp-embedded-content\" sandbox=\"allow-scripts\" security=\"restricted\" style=\"position: absolute; clip: rect(1px, 1px, 1px, 1px);\" title=\"&#8222;Organigrama&#8221; &#8212; \" src=\"https:\/\/www.scdabraila.ro\/index.php\/organizare-2\/embed\/#?secret=wEuc0zI3qQ\" data-secret=\"wEuc0zI3qQ\" width=\"600\" height=\"338\" frameborder=\"0\" marginwidth=\"0\" marginheight=\"0\" scrolling=\"no\"><\/iframe>\n<\/div><\/figure>\n\n\n\n<figure class=\"wp-block-embed is-type-wp-embed is-provider-scda-braila wp-block-embed-scda-braila\"><div class=\"wp-block-embed__wrapper\">\n<blockquote class=\"wp-embedded-content\" data-secret=\"yY7V1fzj3p\"><a href=\"https:\/\/www.scdabraila.ro\/index.php\/regulamente\/\">Regulamente<\/a><\/blockquote><iframe class=\"wp-embedded-content\" sandbox=\"allow-scripts\" security=\"restricted\" style=\"position: absolute; clip: rect(1px, 1px, 1px, 1px);\" title=\"&#8222;Regulamente&#8221; &#8212; \" src=\"https:\/\/www.scdabraila.ro\/index.php\/regulamente\/embed\/#?secret=yY7V1fzj3p\" data-secret=\"yY7V1fzj3p\" width=\"600\" height=\"338\" frameborder=\"0\" marginwidth=\"0\" marginheight=\"0\" scrolling=\"no\"><\/iframe>\n<\/div><\/figure>\n\n\n\n<figure class=\"wp-block-embed is-type-wp-embed is-provider-scda-braila wp-block-embed-scda-braila\"><div class=\"wp-block-embed__wrapper\">\n<blockquote class=\"wp-embedded-content\" data-secret=\"w2pDui1g2i\"><a href=\"https:\/\/www.scdabraila.ro\/index.php\/bugetul-aprobat\/\">Bugetul aprobat<\/a><\/blockquote><iframe class=\"wp-embedded-content\" sandbox=\"allow-scripts\" security=\"restricted\" style=\"position: absolute; clip: rect(1px, 1px, 1px, 1px);\" title=\"&#8222;Bugetul aprobat&#8221; &#8212; \" src=\"https:\/\/www.scdabraila.ro\/index.php\/bugetul-aprobat\/embed\/#?secret=w2pDui1g2i\" data-secret=\"w2pDui1g2i\" width=\"600\" height=\"338\" frameborder=\"0\" marginwidth=\"0\" marginheight=\"0\" scrolling=\"no\"><\/iframe>\n<\/div><\/figure>\n\n\n\n<figure class=\"wp-block-embed is-type-wp-embed is-provider-scda-braila wp-block-embed-scda-braila\"><div class=\"wp-block-embed__wrapper\">\n<blockquote class=\"wp-embedded-content\" data-secret=\"XLSE6ik5Oc\"><a href=\"https:\/\/www.scdabraila.ro\/index.php\/raport-director\/\">Raport director<\/a><\/blockquote><iframe class=\"wp-embedded-content\" sandbox=\"allow-scripts\" security=\"restricted\" style=\"position: absolute; clip: rect(1px, 1px, 1px, 1px);\" title=\"&#8222;Raport director&#8221; &#8212; \" src=\"https:\/\/www.scdabraila.ro\/index.php\/raport-director\/embed\/#?secret=XLSE6ik5Oc\" data-secret=\"XLSE6ik5Oc\" width=\"600\" height=\"338\" frameborder=\"0\" marginwidth=\"0\" marginheight=\"0\" scrolling=\"no\"><\/iframe>\n<\/div><\/figure>\n\n\n\n<figure class=\"wp-block-embed is-type-wp-embed is-provider-scda-braila wp-block-embed-scda-braila\"><div class=\"wp-block-embed__wrapper\">\n<blockquote class=\"wp-embedded-content\" data-secret=\"tZ8gkU8qMl\"><a href=\"https:\/\/www.scdabraila.ro\/index.php\/salarii-angajati-scda-braila\/\">Func\u0163ii \u015fi salarii SCDA Br\u0103ila<\/a><\/blockquote><iframe class=\"wp-embedded-content\" sandbox=\"allow-scripts\" security=\"restricted\" style=\"position: absolute; clip: rect(1px, 1px, 1px, 1px);\" title=\"&#8222;Func\u0163ii \u015fi salarii SCDA Br\u0103ila&#8221; &#8212; \" src=\"https:\/\/www.scdabraila.ro\/index.php\/salarii-angajati-scda-braila\/embed\/#?secret=tZ8gkU8qMl\" data-secret=\"tZ8gkU8qMl\" width=\"600\" height=\"338\" frameborder=\"0\" marginwidth=\"0\" marginheight=\"0\" scrolling=\"no\"><\/iframe>\n<\/div><\/figure>\n\n\n\n<figure class=\"wp-block-embed is-type-wp-embed is-provider-scda-braila wp-block-embed-scda-braila\"><div class=\"wp-block-embed__wrapper\">\n<blockquote class=\"wp-embedded-content\" data-secret=\"PsfTtiUBIB\"><a href=\"https:\/\/www.scdabraila.ro\/index.php\/anunturi-de-angajare\/\">ANUNTURI DE ANGAJARE<\/a><\/blockquote><iframe class=\"wp-embedded-content\" sandbox=\"allow-scripts\" security=\"restricted\" style=\"position: absolute; clip: rect(1px, 1px, 1px, 1px);\" title=\"&#8222;ANUNTURI DE ANGAJARE&#8221; &#8212; \" src=\"https:\/\/www.scdabraila.ro\/index.php\/anunturi-de-angajare\/embed\/#?secret=PsfTtiUBIB\" data-secret=\"PsfTtiUBIB\" width=\"600\" height=\"338\" frameborder=\"0\" marginwidth=\"0\" marginheight=\"0\" scrolling=\"no\"><\/iframe>\n<\/div><\/figure>\n\n\n\n<figure class=\"wp-block-embed is-type-wp-embed is-provider-scda-braila wp-block-embed-scda-braila\"><div class=\"wp-block-embed__wrapper\">\n<blockquote class=\"wp-embedded-content\" data-secret=\"CSq3uT5iLp\"><a href=\"https:\/\/www.scdabraila.ro\/index.php\/achizitii-publice\/\">ACHIZITII PUBLICE<\/a><\/blockquote><iframe class=\"wp-embedded-content\" sandbox=\"allow-scripts\" security=\"restricted\" style=\"position: absolute; clip: rect(1px, 1px, 1px, 1px);\" title=\"&#8222;ACHIZITII PUBLICE&#8221; &#8212; \" src=\"https:\/\/www.scdabraila.ro\/index.php\/achizitii-publice\/embed\/#?secret=CSq3uT5iLp\" data-secret=\"CSq3uT5iLp\" width=\"600\" height=\"338\" frameborder=\"0\" marginwidth=\"0\" marginheight=\"0\" scrolling=\"no\"><\/iframe>\n<\/div><\/figure>\n\n\n\n<figure class=\"wp-block-embed is-type-wp-embed is-provider-scda-braila wp-block-embed-scda-braila\"><div class=\"wp-block-embed__wrapper\">\n<blockquote class=\"wp-embedded-content\" data-secret=\"ZIKKQrsm3J\"><a href=\"https:\/\/www.scdabraila.ro\/index.php\/politica-de-confidentialitate\/\">Politica de confidentialitate<\/a><\/blockquote><iframe class=\"wp-embedded-content\" sandbox=\"allow-scripts\" security=\"restricted\" style=\"position: absolute; clip: rect(1px, 1px, 1px, 1px);\" title=\"&#8222;Politica de confidentialitate&#8221; &#8212; \" src=\"https:\/\/www.scdabraila.ro\/index.php\/politica-de-confidentialitate\/embed\/#?secret=ZIKKQrsm3J\" data-secret=\"ZIKKQrsm3J\" width=\"600\" height=\"338\" frameborder=\"0\" marginwidth=\"0\" marginheight=\"0\" scrolling=\"no\"><\/iframe>\n<\/div><\/figure>\n\n\n\n<figure class=\"wp-block-embed is-type-wp-embed is-provider-scda-braila wp-block-embed-scda-braila\"><div class=\"wp-block-embed__wrapper\">\n<blockquote class=\"wp-embedded-content\" data-secret=\"TUZlE6m4qA\"><a href=\"https:\/\/www.scdabraila.ro\/index.php\/strategia-nationala-anticoruptie\/\">STRATEGIA NATIONALA ANTICORUPTIE<\/a><\/blockquote><iframe class=\"wp-embedded-content\" sandbox=\"allow-scripts\" security=\"restricted\" style=\"position: absolute; clip: rect(1px, 1px, 1px, 1px);\" title=\"&#8222;STRATEGIA NATIONALA ANTICORUPTIE&#8221; &#8212; \" src=\"https:\/\/www.scdabraila.ro\/index.php\/strategia-nationala-anticoruptie\/embed\/#?secret=TUZlE6m4qA\" data-secret=\"TUZlE6m4qA\" width=\"600\" height=\"338\" frameborder=\"0\" marginwidth=\"0\" marginheight=\"0\" scrolling=\"no\"><\/iframe>\n<\/div><\/figure>\n\n\n\n<figure class=\"wp-block-embed is-type-wp-embed is-provider-scda-braila wp-block-embed-scda-braila\"><div class=\"wp-block-embed__wrapper\">\n<blockquote class=\"wp-embedded-content\" data-secret=\"w1xCQHdvGR\"><a href=\"https:\/\/www.scdabraila.ro\/index.php\/codul-de-etica-si-integritate\/\">Codul de etica si integritate<\/a><\/blockquote><iframe class=\"wp-embedded-content\" sandbox=\"allow-scripts\" security=\"restricted\" style=\"position: absolute; clip: rect(1px, 1px, 1px, 1px);\" title=\"&#8222;Codul de etica si integritate&#8221; &#8212; \" src=\"https:\/\/www.scdabraila.ro\/index.php\/codul-de-etica-si-integritate\/embed\/#?secret=w1xCQHdvGR\" data-secret=\"w1xCQHdvGR\" width=\"600\" height=\"338\" frameborder=\"0\" marginwidth=\"0\" marginheight=\"0\" scrolling=\"no\"><\/iframe>\n<\/div><\/figure>\n","protected":false},"excerpt":{"rendered":"","protected":false},"author":1,"featured_media":0,"parent":0,"menu_order":0,"comment_status":"closed","ping_status":"closed","template":"","meta":{"_uag_custom_page_level_css":"","footnotes":""},"class_list":["post-622","page","type-page","status-publish","hentry"],"uagb_featured_image_src":{"full":false,"thumbnail":false,"medium":false,"medium_large":false,"large":false,"1536x1536":false,"2048x2048":false,"education-zone-banner":false,"education-zone-image-full":false,"education-zone-image":false,"education-zone-recent-post":false,"education-zone-search-result":false,"education-zone-featured-course":false,"education-zone-testimonial":false,"education-zone-blog-full":false,"education-zone-schema":false,"woocommerce_thumbnail":false,"woocommerce_single":false,"woocommerce_gallery_thumbnail":false},"uagb_author_info":{"display_name":"admin","author_link":"https:\/\/www.scdabraila.ro\/index.php\/author\/admin\/"},"uagb_comment_info":0,"uagb_excerpt":null,"jetpack_sharing_enabled":true,"_links":{"self":[{"href":"https:\/\/www.scdabraila.ro\/index.php\/wp-json\/wp\/v2\/pages\/622","targetHints":{"allow":["GET"]}}],"collection":[{"href":"https:\/\/www.scdabraila.ro\/index.php\/wp-json\/wp\/v2\/pages"}],"about":[{"href":"https:\/\/www.scdabraila.ro\/index.php\/wp-json\/wp\/v2\/types\/page"}],"author":[{"embeddable":true,"href":"https:\/\/www.scdabraila.ro\/index.php\/wp-json\/wp\/v2\/users\/1"}],"replies":[{"embeddable":true,"href":"https:\/\/www.scdabraila.ro\/index.php\/wp-json\/wp\/v2\/comments?post=622"}],"version-history":[{"count":16,"href":"https:\/\/www.scdabraila.ro\/index.php\/wp-json\/wp\/v2\/pages\/622\/revisions"}],"predecessor-version":[{"id":2719,"href":"https:\/\/www.scdabraila.ro\/index.php\/wp-json\/wp\/v2\/pages\/622\/revisions\/2719"}],"wp:attachment":[{"href":"https:\/\/www.scdabraila.ro\/index.php\/wp-json\/wp\/v2\/media?parent=622"}],"curies":[{"name":"wp","href":"https:\/\/api.w.org\/{rel}","templated":true}]}}