{"id":547,"date":"2020-12-08T08:44:27","date_gmt":"2020-12-08T08:44:27","guid":{"rendered":"https:\/\/www.scdabraila.ro\/?page_id=547"},"modified":"2026-03-20T08:32:00","modified_gmt":"2026-03-20T08:32:00","slug":"salarii-angajati-scda-braila","status":"publish","type":"page","link":"https:\/\/www.scdabraila.ro\/index.php\/salarii-angajati-scda-braila\/","title":{"rendered":"Func\u0163ii \u015fi salarii SCDA Br\u0103ila"},"content":{"rendered":"\n<p class=\"has-text-align-center\"><strong>LISTA FUNC\u021aIILOR \u0218I A VENITURILOR BRUTE REALIZATE<\/strong> <strong>A PERSONALULUI <strong>STA\u021aIUNII DE CERCETARE-DEZVOLTARE AGRICOL\u0102<\/strong> BR\u0102ILA CONFORM ART. 33 DIN LEGEA NR. 153 \/ 2017<\/strong><\/p>\n\n\n\n<div class=\"wp-block-file\"><a id=\"wp-block-file--media-6c93fa16-6412-4e67-90e3-63e5b58529cf\" href=\"https:\/\/www.scdabraila.ro\/wp-content\/uploads\/2026\/03\/Lista-functiilor-la-31.03.2026.pdf\" target=\"_blank\" rel=\"noreferrer noopener\">Lista func\u021biilor \u0219i a salariilor de baz\u0103 la 31.03.2026<\/a><a href=\"https:\/\/www.scdabraila.ro\/wp-content\/uploads\/2026\/03\/Lista-functiilor-la-31.03.2026.pdf\" class=\"wp-block-file__button wp-element-button\" download aria-describedby=\"wp-block-file--media-6c93fa16-6412-4e67-90e3-63e5b58529cf\">Descarc\u0103<\/a><\/div>\n\n\n\n<div class=\"wp-block-file\"><a id=\"wp-block-file--media-b615ef4b-ab63-40f6-aded-9b1d63d8f22a\" href=\"https:\/\/www.scdabraila.ro\/wp-content\/uploads\/2025\/09\/LISTA-FUNCTIILOR-SALARII-30.09.2025.pdf\" target=\"_blank\" rel=\"noreferrer noopener\">Lista func\u021biilor \u0219i a salariilor de baz\u0103 la 30.09.2025<\/a><a href=\"https:\/\/www.scdabraila.ro\/wp-content\/uploads\/2025\/09\/LISTA-FUNCTIILOR-SALARII-30.09.2025.pdf\" class=\"wp-block-file__button wp-element-button\" download aria-describedby=\"wp-block-file--media-b615ef4b-ab63-40f6-aded-9b1d63d8f22a\">Descarc\u0103<\/a><\/div>\n\n\n\n<div class=\"wp-block-file\"><a id=\"wp-block-file--media-b8edd07e-50f7-4095-b624-ab6ee2af43ad\" href=\"https:\/\/www.scdabraila.ro\/wp-content\/uploads\/2025\/04\/LISTA-FUNCTIILOR-SALARII-31.03.2025.pdf\" target=\"_blank\" rel=\"noreferrer noopener\">Lista func\u021biilor \u0219i a salariilor de baz\u0103 la 31.03.2025<\/a><a href=\"https:\/\/www.scdabraila.ro\/wp-content\/uploads\/2025\/04\/LISTA-FUNCTIILOR-SALARII-31.03.2025.pdf\" class=\"wp-block-file__button wp-element-button\" download aria-describedby=\"wp-block-file--media-b8edd07e-50f7-4095-b624-ab6ee2af43ad\">Descarc\u0103<\/a><\/div>\n\n\n\n<div class=\"wp-block-file\"><a id=\"wp-block-file--media-11f34764-fe15-4f9a-ab84-992e94719276\" href=\"https:\/\/www.scdabraila.ro\/wp-content\/uploads\/2024\/10\/LISTA-FUNCTIILOR-SALARII-30.09.2024.pdf\" target=\"_blank\" rel=\"noreferrer noopener\">Lista func\u021biilor \u0219i a salariilor de baz\u0103 la 30.09.2024<\/a><a href=\"https:\/\/www.scdabraila.ro\/wp-content\/uploads\/2024\/10\/LISTA-FUNCTIILOR-SALARII-30.09.2024.pdf\" class=\"wp-block-file__button wp-element-button\" download aria-describedby=\"wp-block-file--media-11f34764-fe15-4f9a-ab84-992e94719276\">Descarc\u0103<\/a><\/div>\n\n\n\n<div class=\"wp-block-file\"><a id=\"wp-block-file--media-22b29261-7d06-4b19-810f-1b087a423fe9\" href=\"https:\/\/www.scdabraila.ro\/wp-content\/uploads\/2024\/04\/LISTA-FUNCTIILOR-SALARII-31.03.2024.pdf\" target=\"_blank\" rel=\"noreferrer noopener\">Lista func\u021biilor \u0219i a salariilor de baz\u0103 la 31.03.2024<\/a><a href=\"https:\/\/www.scdabraila.ro\/wp-content\/uploads\/2024\/04\/LISTA-FUNCTIILOR-SALARII-31.03.2024.pdf\" class=\"wp-block-file__button wp-element-button\" download aria-describedby=\"wp-block-file--media-22b29261-7d06-4b19-810f-1b087a423fe9\">Descarc\u0103<\/a><\/div>\n\n\n\n<div class=\"wp-block-file\"><a id=\"wp-block-file--media-413c0d0f-3bb0-4bca-8508-b86284fc4d4c\" href=\"https:\/\/www.scdabraila.ro\/wp-content\/uploads\/2023\/10\/LISTA-FUNCTIILOR-SALARII-30.09.2023.pdf\" target=\"_blank\" rel=\"noreferrer noopener\">Lista func\u021biilor \u0219i a salariilor de baz\u0103 la 30.09.2023<\/a><a href=\"https:\/\/www.scdabraila.ro\/wp-content\/uploads\/2023\/10\/LISTA-FUNCTIILOR-SALARII-30.09.2023.pdf\" class=\"wp-block-file__button wp-element-button\" download aria-describedby=\"wp-block-file--media-413c0d0f-3bb0-4bca-8508-b86284fc4d4c\">Descarc\u0103<\/a><\/div>\n\n\n\n<div class=\"wp-block-file\"><a id=\"wp-block-file--media-bd20f26d-16e6-4963-97f5-f67be11740af\" href=\"https:\/\/www.scdabraila.ro\/wp-content\/uploads\/2023\/04\/LISTA-FUNCTIILOR-SALARII-31.03.2023.pdf\" target=\"_blank\" rel=\"noreferrer noopener\">Lista func\u021biilor \u0219i a salariilor de baz\u0103 la 31.03.2023<\/a><a href=\"https:\/\/www.scdabraila.ro\/wp-content\/uploads\/2023\/04\/LISTA-FUNCTIILOR-SALARII-31.03.2023.pdf\" class=\"wp-block-file__button wp-element-button\" download aria-describedby=\"wp-block-file--media-bd20f26d-16e6-4963-97f5-f67be11740af\">Descarc\u0103<\/a><\/div>\n\n\n\n<div class=\"wp-block-file\"><a id=\"wp-block-file--media-3c43976a-0cb0-4ee7-bc7c-8bd862a5c37e\" href=\"https:\/\/www.scdabraila.ro\/wp-content\/uploads\/2022\/10\/LISTA-FUNCTIILOR-SALARII-30.09.2022.pdf\" target=\"_blank\" rel=\"noreferrer noopener\">Lista func\u021biilor \u0219i a salariilor de baz\u0103 la 30.09.2022 <\/a><a href=\"https:\/\/www.scdabraila.ro\/wp-content\/uploads\/2022\/10\/LISTA-FUNCTIILOR-SALARII-30.09.2022.pdf\" class=\"wp-block-file__button wp-element-button\" download aria-describedby=\"wp-block-file--media-3c43976a-0cb0-4ee7-bc7c-8bd862a5c37e\">Descarc\u0103<\/a><\/div>\n\n\n\n<div class=\"wp-block-file\"><a id=\"wp-block-file--media-d4aa56b8-89b5-4547-b263-994bf9a1460e\" href=\"https:\/\/www.scdabraila.ro\/wp-content\/uploads\/2022\/04\/LISTA-FUNCTIILOR-SALARII-31.03.2022.pdf\" target=\"_blank\" rel=\"noreferrer noopener\">Lista func\u021biilor \u0219i a salariilor de baz\u0103 la 31.03.2022<\/a><a href=\"https:\/\/www.scdabraila.ro\/wp-content\/uploads\/2022\/04\/LISTA-FUNCTIILOR-SALARII-31.03.2022.pdf\" class=\"wp-block-file__button wp-element-button\" download aria-describedby=\"wp-block-file--media-d4aa56b8-89b5-4547-b263-994bf9a1460e\">Descarc\u0103<\/a><\/div>\n\n\n\n<div class=\"wp-block-file\"><a id=\"wp-block-file--media-a02d3286-8199-46fb-b4dd-026e62dea210\" href=\"https:\/\/www.scdabraila.ro\/wp-content\/uploads\/2021\/11\/LISTA-FUNCTIILOR-SALARII-30.09.2021.pdf\" target=\"_blank\" rel=\"noreferrer noopener\">Lista func\u021biilor \u0219i a salariilor de baz\u0103 la 30.09.2021<\/a><a href=\"https:\/\/www.scdabraila.ro\/wp-content\/uploads\/2021\/11\/LISTA-FUNCTIILOR-SALARII-30.09.2021.pdf\" class=\"wp-block-file__button wp-element-button\" download aria-describedby=\"wp-block-file--media-a02d3286-8199-46fb-b4dd-026e62dea210\">Descarc\u0103<\/a><\/div>\n\n\n\n<div class=\"wp-block-file\"><a id=\"wp-block-file--media-039a693f-1609-4cf1-92b7-42488011c58a\" href=\"https:\/\/www.scdabraila.ro\/wp-content\/uploads\/2021\/04\/LISTA-FUNCTIILOR-SALARII-31.03.2021.pdf\" target=\"_blank\" rel=\"noreferrer noopener\">Lista func\u021biilor \u0219i a salariilor de baz\u0103 la 31.03.2021<\/a><a href=\"https:\/\/www.scdabraila.ro\/wp-content\/uploads\/2021\/04\/LISTA-FUNCTIILOR-SALARII-31.03.2021.pdf\" class=\"wp-block-file__button wp-element-button\" download aria-describedby=\"wp-block-file--media-039a693f-1609-4cf1-92b7-42488011c58a\">Descarc\u0103<\/a><\/div>\n\n\n\n<div class=\"wp-block-file\"><a id=\"wp-block-file--media-ed0dd7e8-73b5-4d66-b29f-b86e501cd397\" href=\"https:\/\/www.scdabraila.ro\/wp-content\/uploads\/2021\/04\/Salarii-01.09.2020.pdf\" target=\"_blank\" rel=\"noreferrer noopener\">Lista func\u021biilor \u0219i a salariilor de baz\u0103 la 01.09.2020<\/a><a href=\"https:\/\/www.scdabraila.ro\/wp-content\/uploads\/2021\/04\/Salarii-01.09.2020.pdf\" class=\"wp-block-file__button wp-element-button\" download aria-describedby=\"wp-block-file--media-ed0dd7e8-73b5-4d66-b29f-b86e501cd397\">Descarc\u0103<\/a><\/div>\n\n\n\n<div class=\"wp-block-file\"><a id=\"wp-block-file--media-4673f2c8-ff3b-455e-a48d-30b47fe4ba56\" href=\"https:\/\/www.scdabraila.ro\/wp-content\/uploads\/2021\/12\/LISTA-FUNCTIILOR-SALARII-31.03.2020.pdf\" target=\"_blank\" rel=\"noreferrer noopener\">Lista func\u021biilor \u0219i a salariilor de baz\u0103 la 31.03.2020<\/a><a href=\"https:\/\/www.scdabraila.ro\/wp-content\/uploads\/2021\/12\/LISTA-FUNCTIILOR-SALARII-31.03.2020.pdf\" class=\"wp-block-file__button wp-element-button\" download aria-describedby=\"wp-block-file--media-4673f2c8-ff3b-455e-a48d-30b47fe4ba56\">Descarc\u0103<\/a><\/div>\n\n\n\n<div class=\"wp-block-file\"><a id=\"wp-block-file--media-bbfd217d-7bf9-4f58-beca-ae74005845c5\" href=\"https:\/\/www.scdabraila.ro\/wp-content\/uploads\/2021\/12\/LISTA-FUNCTIILOR-SALARII-30.09.2019.pdf\" target=\"_blank\" rel=\"noreferrer noopener\">Lista func\u021biilor \u0219i a salariilor de baz\u0103 la 30.09.2019<\/a><a href=\"https:\/\/www.scdabraila.ro\/wp-content\/uploads\/2021\/12\/LISTA-FUNCTIILOR-SALARII-30.09.2019.pdf\" class=\"wp-block-file__button wp-element-button\" download aria-describedby=\"wp-block-file--media-bbfd217d-7bf9-4f58-beca-ae74005845c5\">Descarc\u0103<\/a><\/div>\n\n\n\n<div class=\"wp-block-file\"><a id=\"wp-block-file--media-1766f90f-b59e-4ab6-94e6-b717d2daece7\" href=\"https:\/\/www.scdabraila.ro\/wp-content\/uploads\/2021\/12\/LISTA-FUNCTIILOR-SALARII-31.03.2019.pdf\" target=\"_blank\" rel=\"noreferrer noopener\">Lista func\u021biilor \u0219i a salariilor de baz\u0103 la 31.03.2019 <\/a><a href=\"https:\/\/www.scdabraila.ro\/wp-content\/uploads\/2021\/12\/LISTA-FUNCTIILOR-SALARII-31.03.2019.pdf\" class=\"wp-block-file__button wp-element-button\" download aria-describedby=\"wp-block-file--media-1766f90f-b59e-4ab6-94e6-b717d2daece7\">Descarc\u0103<\/a><\/div>\n\n\n\n<div class=\"wp-block-file\"><a id=\"wp-block-file--media-888f84f1-d2ba-4809-a24e-de3de40bf71c\" href=\"https:\/\/www.scdabraila.ro\/wp-content\/uploads\/2021\/12\/LISTA-FUNCTIILOR-SALARII-31.03.2018-1.pdf\" target=\"_blank\" rel=\"noreferrer noopener\">Lista func\u021biilor \u0219i a salariilor de baz\u0103 la 31.03.2018<\/a><a href=\"https:\/\/www.scdabraila.ro\/wp-content\/uploads\/2021\/12\/LISTA-FUNCTIILOR-SALARII-31.03.2018-1.pdf\" class=\"wp-block-file__button wp-element-button\" download aria-describedby=\"wp-block-file--media-888f84f1-d2ba-4809-a24e-de3de40bf71c\">Descarc\u0103<\/a><\/div>\n\n\n\n<div class=\"wp-block-file\"><a id=\"wp-block-file--media-cf8a94ed-ec46-4cc8-b0fc-8db95752dadb\" href=\"https:\/\/www.scdabraila.ro\/wp-content\/uploads\/2021\/12\/LISTA-FUNCTIILOR-SALARII-30.09.2018.pdf\" target=\"_blank\" rel=\"noreferrer noopener\">Lista func\u021biilor \u0219i a salariilor de baz\u0103 la 30.09.2018<\/a><a href=\"https:\/\/www.scdabraila.ro\/wp-content\/uploads\/2021\/12\/LISTA-FUNCTIILOR-SALARII-30.09.2018.pdf\" class=\"wp-block-file__button wp-element-button\" download aria-describedby=\"wp-block-file--media-cf8a94ed-ec46-4cc8-b0fc-8db95752dadb\">Descarc\u0103<\/a><\/div>\n\n\n\n<div class=\"wp-block-file\"><a id=\"wp-block-file--media-6fe32387-6772-47ae-925c-63994b989dfd\" href=\"https:\/\/www.scdabraila.ro\/wp-content\/uploads\/2021\/12\/LISTA-FUNCTIILOR-SALARII-31.12.2017.pdf\" target=\"_blank\" rel=\"noreferrer noopener\">Lista func\u021biilor \u0219i a salariilor de baz\u0103 la 31.12.2017<\/a><a href=\"https:\/\/www.scdabraila.ro\/wp-content\/uploads\/2021\/12\/LISTA-FUNCTIILOR-SALARII-31.12.2017.pdf\" class=\"wp-block-file__button wp-element-button\" download aria-describedby=\"wp-block-file--media-6fe32387-6772-47ae-925c-63994b989dfd\">Descarc\u0103<\/a><\/div>\n","protected":false},"excerpt":{"rendered":"<p>LISTA FUNC\u021aIILOR \u0218I A VENITURILOR BRUTE REALIZATE A PERSONALULUI STA\u021aIUNII DE CERCETARE-DEZVOLTARE AGRICOL\u0102 BR\u0102ILA CONFORM ART. 33 DIN LEGEA NR. &hellip; <\/p>\n","protected":false},"author":1,"featured_media":0,"parent":0,"menu_order":0,"comment_status":"closed","ping_status":"closed","template":"","meta":{"_uag_custom_page_level_css":"","footnotes":""},"class_list":["post-547","page","type-page","status-publish","hentry"],"uagb_featured_image_src":{"full":false,"thumbnail":false,"medium":false,"medium_large":false,"large":false,"1536x1536":false,"2048x2048":false,"education-zone-banner":false,"education-zone-image-full":false,"education-zone-image":false,"education-zone-recent-post":false,"education-zone-search-result":false,"education-zone-featured-course":false,"education-zone-testimonial":false,"education-zone-blog-full":false,"education-zone-schema":false,"woocommerce_thumbnail":false,"woocommerce_single":false,"woocommerce_gallery_thumbnail":false},"uagb_author_info":{"display_name":"admin","author_link":"https:\/\/www.scdabraila.ro\/index.php\/author\/admin\/"},"uagb_comment_info":0,"uagb_excerpt":"LISTA FUNC\u021aIILOR \u0218I A VENITURILOR BRUTE REALIZATE A PERSONALULUI STA\u021aIUNII DE CERCETARE-DEZVOLTARE AGRICOL\u0102 BR\u0102ILA CONFORM ART. 33 DIN LEGEA NR. &hellip;","jetpack_sharing_enabled":true,"_links":{"self":[{"href":"https:\/\/www.scdabraila.ro\/index.php\/wp-json\/wp\/v2\/pages\/547","targetHints":{"allow":["GET"]}}],"collection":[{"href":"https:\/\/www.scdabraila.ro\/index.php\/wp-json\/wp\/v2\/pages"}],"about":[{"href":"https:\/\/www.scdabraila.ro\/index.php\/wp-json\/wp\/v2\/types\/page"}],"author":[{"embeddable":true,"href":"https:\/\/www.scdabraila.ro\/index.php\/wp-json\/wp\/v2\/users\/1"}],"replies":[{"embeddable":true,"href":"https:\/\/www.scdabraila.ro\/index.php\/wp-json\/wp\/v2\/comments?post=547"}],"version-history":[{"count":20,"href":"https:\/\/www.scdabraila.ro\/index.php\/wp-json\/wp\/v2\/pages\/547\/revisions"}],"predecessor-version":[{"id":2891,"href":"https:\/\/www.scdabraila.ro\/index.php\/wp-json\/wp\/v2\/pages\/547\/revisions\/2891"}],"wp:attachment":[{"href":"https:\/\/www.scdabraila.ro\/index.php\/wp-json\/wp\/v2\/media?parent=547"}],"curies":[{"name":"wp","href":"https:\/\/api.w.org\/{rel}","templated":true}]}}