{"id":32,"date":"2020-12-06T12:09:47","date_gmt":"2020-12-06T12:09:47","guid":{"rendered":"https:\/\/www.scdabraila.ro\/?page_id=32"},"modified":"2025-11-28T11:29:39","modified_gmt":"2025-11-28T11:29:39","slug":"dezvoltare","status":"publish","type":"page","link":"https:\/\/www.scdabraila.ro\/index.php\/dezvoltare\/","title":{"rendered":"Dezvoltare"},"content":{"rendered":"\n<figure class=\"wp-block-image size-large\"><img fetchpriority=\"high\" decoding=\"async\" width=\"1024\" height=\"576\" src=\"https:\/\/www.scdabraila.ro\/wp-content\/uploads\/2025\/11\/baner-statie-modif-1-1024x576.jpeg\" alt=\"\" class=\"wp-image-2781\" srcset=\"https:\/\/www.scdabraila.ro\/wp-content\/uploads\/2025\/11\/baner-statie-modif-1-1024x576.jpeg 1024w, https:\/\/www.scdabraila.ro\/wp-content\/uploads\/2025\/11\/baner-statie-modif-1-300x169.jpeg 300w, https:\/\/www.scdabraila.ro\/wp-content\/uploads\/2025\/11\/baner-statie-modif-1-768x432.jpeg 768w, https:\/\/www.scdabraila.ro\/wp-content\/uploads\/2025\/11\/baner-statie-modif-1-1536x864.jpeg 1536w, https:\/\/www.scdabraila.ro\/wp-content\/uploads\/2025\/11\/baner-statie-modif-1-1320x743.jpeg 1320w, https:\/\/www.scdabraila.ro\/wp-content\/uploads\/2025\/11\/baner-statie-modif-1-600x338.jpeg 600w, https:\/\/www.scdabraila.ro\/wp-content\/uploads\/2025\/11\/baner-statie-modif-1.jpeg 1600w\" sizes=\"(max-width: 1024px) 100vw, 1024px\" \/><\/figure>\n\n\n\n<figure class=\"wp-block-gallery has-nested-images columns-default is-cropped wp-block-gallery-1 is-layout-flex wp-block-gallery-is-layout-flex\">\n<figure class=\"wp-block-image size-large\"><img decoding=\"async\" width=\"1024\" height=\"576\" data-id=\"1565\" src=\"https:\/\/www.scdabraila.ro\/wp-content\/uploads\/2022\/07\/combina-4-1024x576.jpg\" alt=\"\" class=\"wp-image-1565\" srcset=\"https:\/\/www.scdabraila.ro\/wp-content\/uploads\/2022\/07\/combina-4-1024x576.jpg 1024w, https:\/\/www.scdabraila.ro\/wp-content\/uploads\/2022\/07\/combina-4-600x338.jpg 600w, https:\/\/www.scdabraila.ro\/wp-content\/uploads\/2022\/07\/combina-4-300x169.jpg 300w, https:\/\/www.scdabraila.ro\/wp-content\/uploads\/2022\/07\/combina-4-768x432.jpg 768w, https:\/\/www.scdabraila.ro\/wp-content\/uploads\/2022\/07\/combina-4.jpg 1280w\" sizes=\"(max-width: 1024px) 100vw, 1024px\" \/><\/figure>\n\n\n\n<figure class=\"wp-block-image size-large\"><img decoding=\"async\" width=\"1024\" height=\"768\" data-id=\"989\" src=\"https:\/\/www.scdabraila.ro\/wp-content\/uploads\/2021\/02\/saci-2-1-1024x768.jpg\" alt=\"\" class=\"wp-image-989\" srcset=\"https:\/\/www.scdabraila.ro\/wp-content\/uploads\/2021\/02\/saci-2-1-1024x768.jpg 1024w, https:\/\/www.scdabraila.ro\/wp-content\/uploads\/2021\/02\/saci-2-1-600x450.jpg 600w, https:\/\/www.scdabraila.ro\/wp-content\/uploads\/2021\/02\/saci-2-1-300x225.jpg 300w, https:\/\/www.scdabraila.ro\/wp-content\/uploads\/2021\/02\/saci-2-1-768x576.jpg 768w, https:\/\/www.scdabraila.ro\/wp-content\/uploads\/2021\/02\/saci-2-1-1536x1152.jpg 1536w, https:\/\/www.scdabraila.ro\/wp-content\/uploads\/2021\/02\/saci-2-1.jpg 1600w\" sizes=\"(max-width: 1024px) 100vw, 1024px\" \/><\/figure>\n\n\n\n<figure class=\"wp-block-image size-large\"><img loading=\"lazy\" decoding=\"async\" width=\"1024\" height=\"768\" data-id=\"990\" src=\"https:\/\/www.scdabraila.ro\/wp-content\/uploads\/2021\/02\/saci-1-1024x768.jpg\" alt=\"\" class=\"wp-image-990\" srcset=\"https:\/\/www.scdabraila.ro\/wp-content\/uploads\/2021\/02\/saci-1-1024x768.jpg 1024w, https:\/\/www.scdabraila.ro\/wp-content\/uploads\/2021\/02\/saci-1-600x450.jpg 600w, https:\/\/www.scdabraila.ro\/wp-content\/uploads\/2021\/02\/saci-1-300x225.jpg 300w, https:\/\/www.scdabraila.ro\/wp-content\/uploads\/2021\/02\/saci-1-768x576.jpg 768w, https:\/\/www.scdabraila.ro\/wp-content\/uploads\/2021\/02\/saci-1-1536x1152.jpg 1536w, https:\/\/www.scdabraila.ro\/wp-content\/uploads\/2021\/02\/saci-1.jpg 1600w\" sizes=\"(max-width: 1024px) 100vw, 1024px\" \/><\/figure>\n<\/figure>\n\n\n\n<p>Sectorul de dezvoltare<\/p>\n\n\n\n<p>Statiunea are un sector de dezvoltare complex, format din doua ferme vegetale, o ferma zootehnica, statie de uscat, conditionat seminte inclusiv un calibror de porumb.<\/p>\n\n\n\n<p>O ferma vegetala si ferma zootehnica sunt localizate in Terasa Brailei, iar cealalta ferma vegetala este amplasata in incita indiguita Insula are a Brailei.<\/p>\n\n\n\n<p>Fiecare ferma are sector mecanic propriu de deservire.<\/p>\n\n\n\n<p>Intreg teritoriul SCDA Braila este amenajat pentru irigatii prin aspersiune, cu statii de punere sub presiune, apa fiind pompata din Dunare. Structura de culturi din fermele de dezvoltare este stabilita pentru a asigura in primul rand necesarul de seminte din categorii biologice superioare (baza) solicitate de agricultura zonei de deservire, dar si prebaza solicitate la nivel national.<\/p>\n\n\n\n<p>SCDA Br\u0103ila desf\u0103\u0219oar\u0103 un proces continuu de dezvoltare institu\u021bional\u0103 \u0219i tehnico-\u0219tiin\u021bific\u0103, orientat c\u0103tre cre\u0219terea capacit\u0103\u021bii de cercetare \u0219i a relevan\u021bei rezultatelor ob\u021binute \u00een condi\u021biile specifice B\u0103r\u0103ganului. Activit\u0103\u021bile de dezvoltare vizeaz\u0103 modernizarea infrastructurii de laborator \u0219i a platformelor experimentale, implementarea tehnologiilor avansate de monitorizare agricol\u0103, extinderea suprafe\u021belor destinate test\u0103rilor \u0219i consolidarea resurselor umane implicate \u00een cercetare.<\/p>\n\n\n\n<p>Totodat\u0103, SCDA Br\u0103ila deruleaz\u0103 proiecte de dezvoltare institu\u021bional\u0103 axate pe formarea continu\u0103 a personalului, consolidarea colabor\u0103rilor \u0219tiin\u021bifice na\u021bionale \u0219i interna\u021bionale \u0219i participarea la programe de cercetare competitive. Aceste investi\u021bii contribuie la cre\u0219terea capacit\u0103\u021bii de inovare \u0219i la transferul eficient al rezultatelor c\u0103tre mediul agricol \u0219i c\u0103tre toate p\u0103r\u021bile interesate.<\/p>\n\n\n\n<p><\/p>\n\n\n\n<p><\/p>\n","protected":false},"excerpt":{"rendered":"<p>Sectorul de dezvoltare Statiunea are un sector de dezvoltare complex, format din doua ferme vegetale, o ferma zootehnica, statie de &hellip; <\/p>\n","protected":false},"author":1,"featured_media":0,"parent":0,"menu_order":0,"comment_status":"closed","ping_status":"closed","template":"","meta":{"_uag_custom_page_level_css":"","footnotes":""},"class_list":["post-32","page","type-page","status-publish","hentry"],"uagb_featured_image_src":{"full":false,"thumbnail":false,"medium":false,"medium_large":false,"large":false,"1536x1536":false,"2048x2048":false,"education-zone-banner":false,"education-zone-image-full":false,"education-zone-image":false,"education-zone-recent-post":false,"education-zone-search-result":false,"education-zone-featured-course":false,"education-zone-testimonial":false,"education-zone-blog-full":false,"education-zone-schema":false,"woocommerce_thumbnail":false,"woocommerce_single":false,"woocommerce_gallery_thumbnail":false},"uagb_author_info":{"display_name":"admin","author_link":"https:\/\/www.scdabraila.ro\/index.php\/author\/admin\/"},"uagb_comment_info":0,"uagb_excerpt":"Sectorul de dezvoltare Statiunea are un sector de dezvoltare complex, format din doua ferme vegetale, o ferma zootehnica, statie de &hellip;","jetpack_sharing_enabled":true,"_links":{"self":[{"href":"https:\/\/www.scdabraila.ro\/index.php\/wp-json\/wp\/v2\/pages\/32","targetHints":{"allow":["GET"]}}],"collection":[{"href":"https:\/\/www.scdabraila.ro\/index.php\/wp-json\/wp\/v2\/pages"}],"about":[{"href":"https:\/\/www.scdabraila.ro\/index.php\/wp-json\/wp\/v2\/types\/page"}],"author":[{"embeddable":true,"href":"https:\/\/www.scdabraila.ro\/index.php\/wp-json\/wp\/v2\/users\/1"}],"replies":[{"embeddable":true,"href":"https:\/\/www.scdabraila.ro\/index.php\/wp-json\/wp\/v2\/comments?post=32"}],"version-history":[{"count":13,"href":"https:\/\/www.scdabraila.ro\/index.php\/wp-json\/wp\/v2\/pages\/32\/revisions"}],"predecessor-version":[{"id":2800,"href":"https:\/\/www.scdabraila.ro\/index.php\/wp-json\/wp\/v2\/pages\/32\/revisions\/2800"}],"wp:attachment":[{"href":"https:\/\/www.scdabraila.ro\/index.php\/wp-json\/wp\/v2\/media?parent=32"}],"curies":[{"name":"wp","href":"https:\/\/api.w.org\/{rel}","templated":true}]}}