{"id":3,"date":"2020-12-06T13:13:37","date_gmt":"2020-12-06T13:13:37","guid":{"rendered":"http:\/\/www.scdabraila.ro\/?page_id=3"},"modified":"2021-01-25T06:43:47","modified_gmt":"2021-01-25T06:43:47","slug":"privacy-policy","status":"publish","type":"page","link":"https:\/\/www.scdabraila.ro\/index.php\/privacy-policy\/","title":{"rendered":"Politica cookies"},"content":{"rendered":"\n<p><strong><u>Politica de cookie-uri<\/u><\/strong> <\/p>\n\n\n\n<p>Site-ul&nbsp;www.scdabraila.ro,&nbsp; utilizeaz\u0103 doar cookie-uri strict necesare pentru func\u021bionarea site-ului.<\/p>\n\n\n\n<p>Informa\u021biile prezentate \u00een continuare au scopul de a aduce la cuno\u0219tin\u021b\u0103 utilizatorului mai multe detalii despre plasarea, utilizarea \u0219i administrarea \u201ccookie\u201d-urilor utilizate de site-ul scdabraila.ro .\u00a0 De asemenea, sunt prezente \u0219i c\u00e2teva linkuri utile legate de acest subiect. \u00cen cazul \u00een care ave\u021bi nevoie de mai multe informa\u021bii, \u0219i ele nu se reg\u0103sesc mai jos, \u00a0pute\u021bi contacta Responsabilul cu protectia datelor personale la adresa de email\u00a0gdpr@netspace.ro<\/p>\n\n\n\n<p>Acest website folose\u0219te cookie-uri at\u00e2t cookie-uri proprii c\u00e2t \u0219i cookie-uri de la ter\u021bi pentru a furniza vizitatorilor o experien\u021b\u0103 mult mai bun\u0103 de navigare \u0219i servicii adaptate nevoilor \u0219i interesului fiec\u0103ruia.<\/p>\n\n\n\n<p>Cookie-urile utilizate pe prezentul site ofer\u0103 un feedback valoros \u0219i ne ajut\u0103 \u00een \u00eencercarea de a \u00eembun\u0103t\u0103\u021bi experien\u021ba online. Site-ul folose\u0219te cookie-uri , cum ar fi tokeni ce r\u0103m\u00e2n activi p\u00e2n\u0103 la \u00eenchiderea ferestrei browserului, pentru a \u00eembun\u0103t\u0103\u021bi experien\u021ba de navigare. Informa\u021biile ob\u021binute din aceste cookie-uri nu sunt stocate \u00een baza de date \u0219i odat\u0103 cu \u00eenchiderea browserului cookie-urile sunt \u0219terse din calculatorul dumneavoastr\u0103. Proces\u0103m datele dvs. pentru a furniza con\u021binut sau reclame. Analiz\u0103m distribu\u021bia acestui con\u021binut sau a acestor reclame pentru a ob\u021bine informa\u021bii despre site-ul nostru. Distribuim aceste informa\u021bii partenerilor no\u0219tri pe baza consim\u021b\u0103m\u00e2ntului. Dreptul de consim\u021b\u0103m\u00e2nt poate fi exercitat pe baza unui scop specific de mai jos sau la nivel de parteneri disponibili, \u00een link-ul din cadrul fiec\u0103rui scop \u00een parte. Aceste op\u021biuni vor fi raportate furnizorilor no\u0219tri participan\u021bi la Cadrul de transparen\u021b\u0103 \u0219i consim\u021b\u0103m\u00e2nt.<\/p>\n\n\n\n<p><strong>Ce este un \u201ccookie\u201d?<\/strong><\/p>\n\n\n\n<p>Un \u201cInternet Cookie\u201d (termen cunoscut \u0219i ca \u201cbrowser cookie\u201d sau \u201cHTTP cookie\u201d sau pur \u0219i simplu\u201ccookie\u201d ) este un fi\u0219ier de mici dimensiuni, format din litere \u0219i numere, care va fi stocat pe computerul, terminalul mobil sau alte echipamente ale unui utilizator de pe care se acceseaz\u0103 Internetul.<\/p>\n\n\n\n<p>Cookie-ul este instalat prin solicitarea emis\u0103 de c\u0103tre un web-server unui browser (ex: Internet Explorer, Chrome) \u0219i este complet \u201cpasiv\u201d (nu con\u021bine programe software, viru\u0219i sau spyware \u0219i nu poate accesa informa\u021biile de pe hard driveul utilizatorului).<\/p>\n\n\n\n<p>Un cookie este format din 2 p\u0103r\u021bi: numele \u0219i con\u021binutul sau valoarea cookie-ului. Mai mult, durata de existen\u021b\u0103 a unui cookie este determinat\u0103; tehnic, doar webserverul care a trimis cookie-ul \u00eel poate accesa din nou \u00een momentul \u00een care un utilizator se \u00eentoarce pe website-ul asociat webserverului respectiv. Cookie-urile \u00een sine nu solicit\u0103 informa\u021bii cu caracter personal pentru a putea fi utilizate \u0219i, \u00een cele mai multe cazuri, nu identifica personal utilizatorii de internet.<\/p>\n\n\n\n<p>Exist\u0103 2 categorii mari de cookie-uri:<\/p>\n\n\n\n<ul class=\"wp-block-list\"><li>Cookie-uri de sesiune \u2013 acestea sunt stocate temporar \u00een dosarul de cookie-uri al browserului web pentru ca acesta s\u0103 le memoreze p\u00e2n\u0103 c\u00e2nd utilizatorul iese de pe website-ul respectiv sau \u00eenchide fereastra browserului (ex: \u00een momentul logarii\/delogarii pe un cont de webmail sau pe re\u021bele de socializare)<\/li><li>Cookieuri Persistente \u2013 Acestea sunt stocate pe hard-drive-ul unui computer sau echipament (\u0219i \u00een general depinde de durata de via\u021b\u0103 prestabilit\u0103 pentru cookie). Cookie-urile persistente le includ \u0219i pe cele plasate de un alt website dec\u00e2t cel pe care \u00eel viziteaz\u0103 utilizatorul la momentul respectiv \u2013 cunoscute sub numele de \u2018third party cookies\u2019 (cookieuri plasate de ter\u021bi) \u2013 care pot fi folosite \u00een mod anonim pentru a memora interesele unui utilizator, astfel \u00eenc\u00e2t s\u0103 fie livrat\u0103 publicitate c\u00e2t mai relevan\u021b\u0103 pentru utilizatori<\/li><\/ul>\n\n\n\n<p><strong>Care sunt avantajele cookie-urilor?<\/strong><\/p>\n\n\n\n<p>Un cookie con\u021bine informa\u021bii care fac leg\u0103tura \u00eentre un web browser (utilizatorul) \u0219i un web-server anume (website-ul). Dac\u0103 un browser acceseaz\u0103 acel web-server din nou, acesta poate citi informa\u021bia deja stocat\u0103 \u0219i reac\u021biona \u00een consecin\u021b\u0103. Cookie-urile asigur\u0103 userilor o experien\u021b\u0103 pl\u0103cut\u0103 de navigare \u0219i sus\u021bin eforturile multor websiteuri pentru a oferi servicii confortabile utilizatorilor: ex \u2013 preferin\u021bele \u00een materie de confiden\u021bialitate online, op\u021biunile privind limba site-ului, co\u0219uri de cump\u0103r\u0103turi sau publicitate relevant\u0103.<\/p>\n\n\n\n<p><strong>Care este durata de via\u021b\u0103 a unui cookie?<\/strong><\/p>\n\n\n\n<p>Cookieurile sunt administrate de webservere. Durata de via\u021b\u0103 a unui cookie poate varia semnificativ, depinz\u00e2nd de scopul pentru care este plasat. Unele cookie-uri sunt folosite exclusive pentru o singur\u0103 sesiune (session cookies) \u0219i nu mai sunt re\u021binute odat\u0103 ce utilizatorul a p\u0103r\u0103sit website-ul \u0219i unele cookie-uri sunt re\u021binute \u0219i refolosite de fiecare dat\u0103 c\u00e2nd utilizatorul revine pe acel website (\u2018cookie-uri permanente\u2018). Cu toate aceste, cookie-urile pot fi \u0219terse de un utilizator \u00een orice moment prin intermediul set\u0103rilor browserului.<\/p>\n\n\n\n<p><strong>Ce sunt cookie-urile plasate de ter\u021bi?<\/strong><\/p>\n\n\n\n<p>Anumite sec\u021biuni de con\u021binut de pe unele site-uri pot fi furnizate prin intermediul unor ter\u021be p\u0103r\u021bi\/ furnizori (ex: news box, un video sau o reclam\u0103). Aceste ter\u021be p\u0103r\u021bi pot plasa de asemenea cookieuri prin intermediul site-ului \u0219i ele se numesc \u201cthird party cookies\u201d pentru c\u0103 nu sunt plasate de proprietarul website-ului respectiv. Furnizorii ter\u021bi trebuie s\u0103 respecte de asemenea legea \u00een vigoare \u0219i politicile de confiden\u021bialitate ale de\u021bin\u0103torului site-ului sunt Google Analytics \u0219i Right Now.<\/p>\n\n\n\n<p><strong>Cum sunt cookie-urile folosite de c\u0103tre acest site?<\/strong><\/p>\n\n\n\n<p>O vizit\u0103 pe acest site poate plasa cookie-uri \u00een scopuri de:<\/p>\n\n\n\n<p>Descriere<\/p>\n\n\n\n<ul class=\"wp-block-list\"><li>Cookie-uri strict necesare<\/li><\/ul>\n\n\n\n<p>Aceste fisiere sunt strict necesare pentru functionarea website-ului, inclusiv cele pentru salvarea\/procesarea optiunilor exprimate de dvs. cu privire la Tehnologii de tip Cookie. Acestea nu necesita acordul dumneavoastra pentru plasare\/accesare si nu pot fi dezactivate.<\/p>\n\n\n\n<p><strong><em>Cu exceptia cookie-urilor strict necesare pentru functionarea site-ului, pentru toate celelalte categorii de cookie-uri este necesar consimtamantul dumneavoastra<\/em><\/strong>.<\/p>\n\n\n\n<p>Din categoria cookie-urilor functionale si de marketing (publicitate tintita) fac parte si cookie-uri precum Google Analitics care transfera date catre Statele Unite ale Americii, catre Google Inc. Dupa invalidarea Scutului de confidentialitate, temeiul legal pentru acest transfer este consimtamantul dumneavoastra pe care vi-l puteti manifesta prin setarea cookie-urilor din bara de cookie si in orice alt moment prin actionarea butonului de gestionare a preferintelor.<\/p>\n\n\n\n<p><strong>Ce tip de informa\u021bii sunt stocate \u0219i accesate prin intermediul cookie-urilor?<\/strong><\/p>\n\n\n\n<p>Cookie-urile p\u0103streaz\u0103 informa\u021bii \u00eentr-un fi\u0219ier text de mici dimensiuni care permit unui website s\u0103 recunoasc\u0103 un browser. Webserverul va recunoa\u0219te browserul p\u00e2n\u0103 c\u00e2nd cookie-ul expir\u0103 sau este \u0219ters.<\/p>\n\n\n\n<p>Cookie-ul stocheaz\u0103 informa\u021bii importante care \u00eembun\u0103t\u0103\u021besc experien\u021ba de navigare pe Internet ( ex: set\u0103rile limbii \u00een care se dore\u0219te accesarea unui site; p\u0103strarea unui user logat \u00een contul de webmail; securitatea online banking; p\u0103strarea produselor \u00een co\u0219ul de cump\u0103r\u0103turi)<\/p>\n\n\n\n<p><strong>Securitate \u0219i probleme legate de confiden\u021bialitate<\/strong><\/p>\n\n\n\n<p>Cookie-urile NU sunt viru\u0219i! Ele folosesc formate tip plain text. Nu sunt alc\u0103tuite din buc\u0103\u021bi de cod a\u0219a c\u0103 nu pot fi executate nici nu pot auto-rula. \u00cen consecin\u021b\u0103, nu se pot duplica sau replica pe alte re\u021bele pentru a se rula sau replica din nou. Deoarece nu pot \u00eendeplini aceste func\u021bii, nu pot fi considerate viru\u0219i.<\/p>\n\n\n\n<p>Cookie-urile pot fi totu\u0219i folosite pentru scopuri negative. Deoarece stocheaz\u0103 informa\u021bii despre preferin\u021bele \u0219i istoricul de navigare al utilizatorilor, at\u00e2t pe un anume site c\u00e2t \u0219i pe mai multe alte siteuri, cookieurile pot fi folosite ca o form\u0103 de Spyware. Multe produse anti-spyware sunt con\u0219tiente de acest fapt \u0219i \u00een mod constant marcheaz\u0103 cookie-urile pentru a fi \u0219terse \u00een cadrul procedurilor de \u0219tergere\/scanare anti-virus\/anti-spyware.<\/p>\n\n\n\n<p>\u00cen general browserele au integrate set\u0103ri de confiden\u021bialitate care furnizeaz\u0103 diferite nivele de acceptare a cookie-urilor, perioada de valabilitate \u0219i \u0219tergere automat\u0103 dup\u0103 ce utilizatorul a vizitat un anumit site.<\/p>\n\n\n\n<p><strong>Alte aspecte de securitate legate de cookie-uri<\/strong><\/p>\n\n\n\n<p>Deoarece protec\u021bia identit\u0103\u021bii este foarte valoroas\u0103 \u0219i reprezint\u0103 dreptul fiec\u0103rui utilizator de internet, este indicat s\u0103 se \u0219tie ce eventuale probleme pot crea cookieurile. Pentru c\u0103 prin intermediul lor se transmit \u00een mod constant \u00een ambele sensuri informa\u021bii \u00eentre browser \u0219i website, dac\u0103 un atacator sau persoana neautorizat\u0103 intervine \u00een parcursul de transmitere a datelor, informa\u021biile con\u021binute de cookie pot fi interceptate. De\u0219i foarte rar, acest lucru se poate \u00eent\u00e2mpl\u0103 dac\u0103 browserul se conecteaz\u0103 la server folosind o re\u021bea necriptata (ex: o re\u021bea WiFi nesecurizata).<\/p>\n\n\n\n<p>Alte atacuri bazate pe cookie implic\u0103 set\u0103ri gre\u0219ite ale cookie-urilor pe servere. Dac\u0103 un website nu solicit\u0103 browserului s\u0103 foloseasc\u0103 doar canale criptate, atacatorii pot folosi aceast\u0103 vulnerabilitate pentru a p\u0103c\u0103li browserele \u00een a trimite informa\u021bii prin intermediul canalelor nesecurizate. Atacatorii utilizeaz\u0103 apoi informa\u021biile \u00een scopuri de a accesa neautorizat anumite site-uri. Este foarte important s\u0103 fi\u021bi aten\u021bi \u00een alegerea metodei celei mai potrivite de protec\u021bie a informa\u021biilor personale.<\/p>\n\n\n\n<p>Sfaturi pentru o navigare sigur\u0103 \u0219i responsabil\u0103, bazat\u0103 pe cookies.<\/p>\n\n\n\n<p>Datorit\u0103 flexibilit\u0103\u021bii lor \u0219i a faptului c\u0103 majoritatea dintre cele mai vizitate site-uri \u0219i cele mai mari folosesc cookieuri, acestea sunt aproape inevitabile. Dezactivarea cookie-urilor nu va permite accesul utilizatorului pe site-urile cele mai r\u0103sp\u00e2ndite \u0219i utilizate printre care Youtube, Gmail, Yahoo \u0219i altele.<\/p>\n\n\n\n<p>Iat\u0103 c\u00e2teva sfaturi care v\u0103 pot asigura c\u0103 naviga\u021bi f\u0103r\u0103 griji \u00eens\u0103 cu ajutorul cookie-urilor:<\/p>\n\n\n\n<ul class=\"wp-block-list\"><li>Particularizati-v\u0103 set\u0103rile browserului \u00een ceea ce prive\u0219te cookie-urile pentru a reflecta un nivel confortabil pentru voi al securit\u0103\u021bii utiliz\u0103rii cookie-urilor.<\/li><li>Dac\u0103 nu v\u0103 deranjeaz\u0103 cookie-urile \u0219i sunte\u021bi singura persoan\u0103 care utilizeaz\u0103 computerul, pute\u021bi seta termene lungi de expirare pentru stocarea istoricului de navigare \u0219i al datelor personale de acces.<\/li><li>Dac\u0103 \u00eemp\u0103r\u021bi\u021bi accesul la calculator, pute\u021bi lua \u00een considerare setarea browserului pentru a \u0219terge datele individuale de navigare de fiecare dat\u0103 c\u00e2nd \u00eenchide\u021bi browserul. Aceasta este o variant\u0103 de a accesa site-urile care plaseaz\u0103 cookieuri \u0219i de a \u0219terge orice informa\u021bie de vizitare la \u00eenchiderea sesiunii navigare.<\/li><li>Instala\u021bi-v\u0103 \u0219i actualizati-v\u0103 constant aplica\u021bii antispyware.<\/li><\/ul>\n\n\n\n<p>Multe dintre aplica\u021biile de detectare \u0219i prevenire a spyware-ului includ detectarea atacurilor pe site-uri. Astfel, \u00eempiedic\u0103 browserul de la a accesa website-uri care ar putea s\u0103 exploateze vulnerabilit\u0103\u021bile browserului sau s\u0103 descarce software periculos. Asigura\u021bi-v\u0103 c\u0103 ave\u021bi browserul mereu updatat. Multe dintre atacurile bazate pe cookies se realizeaz\u0103 exploat\u00e2nd punctele slabe ale versiunilor vechi ale browserelor.<\/p>\n\n\n\n<p>Cookie-urile sunt pretutindeni \u0219i nu pot fi evitate dac\u0103 dori\u021bi s\u0103 v\u0103 bucura\u021bi de acces pe cele mai bune \u0219i cele mai mari site-uri de pe Internet \u2013 locale sau interna\u021bionale. Cu o \u00een\u021belegere clar\u0103 a modului lor de operare \u0219i a beneficiilor pe care le aduc, pute\u021bi lua m\u0103surile necesare de securitate astel \u00eenc\u00e2t s\u0103 pute\u021bi naviga cu \u00eencredere pe internet.<\/p>\n\n\n\n<p><strong>Cum pot opri cookie-urile?<\/strong><\/p>\n\n\n\n<p>Pe site-ul nostru puteti oricand schimba preferintele initiale prin apasarea butonului de gestionare a preferintelor.<\/p>\n\n\n\n<p>Pentru a afla mai multe despre modulele cookie, inclusiv&nbsp;<strong>cum s\u0103 vizualiza\u021bi tipurile de module cookie care au fost instalate \u0219i cum s\u0103 le administra\u021bi \u0219i s\u0103 le \u0219terge\u021bi<\/strong>, vizita\u021bi&nbsp;<a href=\"https:\/\/ro.wikipedia.org\/wiki\/Cookie\">wikipedia.org<\/a>,<a href=\"http:\/\/www.youronlinechoices.com\/ro\">http:\/\/www.youronlinechoices.com\/ro<\/a>,<\/p>\n\n\n\n<p><a href=\"http:\/\/www.allaboutcookies.org\/\">http:\/\/www.allaboutmodul cookies.org\/<\/a>&nbsp;sau&nbsp;<a href=\"http:\/\/www.aboutcookies.org\/\">www.aboutmodul cookies.org<\/a>.<\/p>\n\n\n\n<p>Toate browserele moderne ofer\u0103 posibilitatea de a schimba set\u0103rile cookie-urilor. Aceste set\u0103ri se g\u0103sesc de regul\u0103 \u00een \u201cop\u021biuni\u201d sau \u00een meniul de \u201cpreferin\u021be\u201d al browserului t\u0103u.<\/p>\n","protected":false},"excerpt":{"rendered":"<p>Politica de cookie-uri Site-ul&nbsp;www.scdabraila.ro,&nbsp; utilizeaz\u0103 doar cookie-uri strict necesare pentru func\u021bionarea site-ului. Informa\u021biile prezentate \u00een continuare au scopul de a &hellip; <\/p>\n","protected":false},"author":1,"featured_media":0,"parent":0,"menu_order":0,"comment_status":"closed","ping_status":"closed","template":"","meta":{"_uag_custom_page_level_css":"","footnotes":""},"class_list":["post-3","page","type-page","status-publish","hentry"],"uagb_featured_image_src":{"full":false,"thumbnail":false,"medium":false,"medium_large":false,"large":false,"1536x1536":false,"2048x2048":false,"education-zone-banner":false,"education-zone-image-full":false,"education-zone-image":false,"education-zone-recent-post":false,"education-zone-search-result":false,"education-zone-featured-course":false,"education-zone-testimonial":false,"education-zone-blog-full":false,"education-zone-schema":false,"woocommerce_thumbnail":false,"woocommerce_single":false,"woocommerce_gallery_thumbnail":false},"uagb_author_info":{"display_name":"admin","author_link":"https:\/\/www.scdabraila.ro\/index.php\/author\/admin\/"},"uagb_comment_info":0,"uagb_excerpt":"Politica de cookie-uri Site-ul&nbsp;www.scdabraila.ro,&nbsp; utilizeaz\u0103 doar cookie-uri strict necesare pentru func\u021bionarea site-ului. Informa\u021biile prezentate \u00een continuare au scopul de a &hellip;","jetpack_sharing_enabled":true,"_links":{"self":[{"href":"https:\/\/www.scdabraila.ro\/index.php\/wp-json\/wp\/v2\/pages\/3","targetHints":{"allow":["GET"]}}],"collection":[{"href":"https:\/\/www.scdabraila.ro\/index.php\/wp-json\/wp\/v2\/pages"}],"about":[{"href":"https:\/\/www.scdabraila.ro\/index.php\/wp-json\/wp\/v2\/types\/page"}],"author":[{"embeddable":true,"href":"https:\/\/www.scdabraila.ro\/index.php\/wp-json\/wp\/v2\/users\/1"}],"replies":[{"embeddable":true,"href":"https:\/\/www.scdabraila.ro\/index.php\/wp-json\/wp\/v2\/comments?post=3"}],"version-history":[{"count":9,"href":"https:\/\/www.scdabraila.ro\/index.php\/wp-json\/wp\/v2\/pages\/3\/revisions"}],"predecessor-version":[{"id":686,"href":"https:\/\/www.scdabraila.ro\/index.php\/wp-json\/wp\/v2\/pages\/3\/revisions\/686"}],"wp:attachment":[{"href":"https:\/\/www.scdabraila.ro\/index.php\/wp-json\/wp\/v2\/media?parent=3"}],"curies":[{"name":"wp","href":"https:\/\/api.w.org\/{rel}","templated":true}]}}