{"id":1521,"date":"2022-05-16T11:04:46","date_gmt":"2022-05-16T11:04:46","guid":{"rendered":"https:\/\/www.scdabraila.ro\/?page_id=1521"},"modified":"2025-11-28T09:06:05","modified_gmt":"2025-11-28T09:06:05","slug":"despre-scda-braila","status":"publish","type":"page","link":"https:\/\/www.scdabraila.ro\/index.php\/despre-scda-braila\/","title":{"rendered":"Despre institu\u021bie"},"content":{"rendered":"\t\t<div data-elementor-type=\"wp-page\" data-elementor-id=\"1521\" class=\"elementor elementor-1521\">\n\t\t\t\t\t\t<section class=\"elementor-section elementor-top-section elementor-element elementor-element-1b8ad06f elementor-section-boxed elementor-section-height-default elementor-section-height-default\" data-id=\"1b8ad06f\" data-element_type=\"section\">\n\t\t\t\t\t\t<div class=\"elementor-container elementor-column-gap-default\">\n\t\t\t\t\t<div class=\"elementor-column elementor-col-100 elementor-top-column elementor-element elementor-element-3ce2441e\" data-id=\"3ce2441e\" data-element_type=\"column\">\n\t\t\t<div class=\"elementor-widget-wrap elementor-element-populated\">\n\t\t\t\t\t\t<div class=\"elementor-element elementor-element-63a9e14f elementor-widget elementor-widget-text-editor\" data-id=\"63a9e14f\" data-element_type=\"widget\" data-widget_type=\"text-editor.default\">\n\t\t\t\t<div class=\"elementor-widget-container\">\n\t\t\t\t\t\t\t\t\t<div>\n<div style=\"flex-basis: 100%;\">\n<figure>\n<p><img fetchpriority=\"high\" decoding=\"async\" class=\"aligncenter wp-image-1810\" src=\"https:\/\/www.scdabraila.ro\/wp-content\/uploads\/2023\/04\/SIGLA-SCDA-modif-300x191.jpg\" alt=\"\" width=\"408\" height=\"260\" srcset=\"https:\/\/www.scdabraila.ro\/wp-content\/uploads\/2023\/04\/SIGLA-SCDA-modif-300x191.jpg 300w, https:\/\/www.scdabraila.ro\/wp-content\/uploads\/2023\/04\/SIGLA-SCDA-modif-600x382.jpg 600w, https:\/\/www.scdabraila.ro\/wp-content\/uploads\/2023\/04\/SIGLA-SCDA-modif-768x489.jpg 768w, https:\/\/www.scdabraila.ro\/wp-content\/uploads\/2023\/04\/SIGLA-SCDA-modif.jpg 995w\" sizes=\"(max-width: 408px) 100vw, 408px\" \/><\/p>\n<p><img decoding=\"async\" class=\"aligncenter wp-image-2789 size-full\" src=\"https:\/\/www.scdabraila.ro\/wp-content\/uploads\/2025\/11\/DJI_0566-scaled.jpg\" alt=\"\" width=\"2560\" height=\"1440\" srcset=\"https:\/\/www.scdabraila.ro\/wp-content\/uploads\/2025\/11\/DJI_0566-scaled.jpg 2560w, https:\/\/www.scdabraila.ro\/wp-content\/uploads\/2025\/11\/DJI_0566-300x169.jpg 300w, https:\/\/www.scdabraila.ro\/wp-content\/uploads\/2025\/11\/DJI_0566-1024x576.jpg 1024w, https:\/\/www.scdabraila.ro\/wp-content\/uploads\/2025\/11\/DJI_0566-768x432.jpg 768w, https:\/\/www.scdabraila.ro\/wp-content\/uploads\/2025\/11\/DJI_0566-1536x864.jpg 1536w, https:\/\/www.scdabraila.ro\/wp-content\/uploads\/2025\/11\/DJI_0566-2048x1152.jpg 2048w, https:\/\/www.scdabraila.ro\/wp-content\/uploads\/2025\/11\/DJI_0566-600x338.jpg 600w\" sizes=\"(max-width: 2560px) 100vw, 2560px\" \/><\/p>\n<\/figure>\n<figure><img decoding=\"async\" src=\"https:\/\/www.scdabraila.ro\/wp-content\/uploads\/2024\/02\/DJI_0334-1024x576.jpg\" alt=\"\" \/><\/figure>\n<p><!-- \/wp:image --><\/p>\n<\/div>\n<p><!-- \/wp:column --><\/p>\n<\/div>\n<p><!-- \/wp:columns --><\/p>\n<p><!-- wp:image {\"id\":1516,\"sizeSlug\":\"large\",\"linkDestination\":\"none\"} --><\/p>\n<figure><img decoding=\"async\" src=\"https:\/\/www.scdabraila.ro\/wp-content\/uploads\/2022\/05\/CLADIRE-CERCETARE-PAVILION-1-1024x768.jpg\" alt=\"\" \/><\/figure>\n<p><!-- \/wp:image --><\/p>\n<p><!-- wp:paragraph {\"align\":\"center\"} --><\/p>\n<p><strong>Sta\u0163iunea de Cercetare-Dezvoltare Agricol\u0103\u00a0Br\u0103ila este o unitate de interes public subordonat\u0103\u00a0Academiei de \u015etiin\u0163e Agricole \u015fi Silvice \u201eGheorghe Ionescu \u015ei\u015fe\u015fti\u201d Bucure\u015fti, care la r\u00e2ndul s\u0103u este subordonat\u0103\u00a0Ministerului Agriculturii \u015fi Dezvolt\u0103rii Rurale.<\/strong><\/p>\n<p><!-- \/wp:paragraph --><\/p>\n<p><!-- wp:paragraph --><\/p>\n<p><strong>Scurt istoric:<\/strong><\/p>\n<p><!-- \/wp:paragraph --><\/p>\n<p><!-- wp:paragraph --><\/p>\n<p><strong>\u00a0 \u00a0 \u00a0 \u00a0 \u00a0<\/strong><\/p>\n<p><!-- \/wp:paragraph --><\/p>\n<p><!-- wp:paragraph --><\/p>\n<p>\u00a0 \u00a0<strong> \u00a0 \u00a0 \u00a0 S.C.D.A. Br\u0103ila\u00a0 a fost \u00eenfiin\u0163at\u0103 \u00een anul 1954, ca prima unitate de cercetare \u015ftiin\u0163ific\u0103 pentru culturi irigate din Rom\u00e2nia, purt\u00e2nd denumirea de Sta\u0163iunea Experimental\u0103 Agricol\u0103 Br\u0103ila (S.E.A.). \u00cen decursul timpului, sta\u0163iunea a fost organizat\u0103 \u00een conformitate cu cerin\u0163ele \u015fi nevoile agriculturii, o ramur\u0103 economic\u0103 de mare importan\u0163\u0103 na\u0163ional\u0103, suferind mai multe schimb\u0103ri ale denumirii precum \u015fi o complexare a obiectului de activitate, astfel:<\/strong><\/p>\n<p><!-- \/wp:paragraph --><\/p>\n<p><!-- wp:paragraph --><\/p>\n<p><strong>\u00a0\u00a0\u00a0\u00a0\u00a0\u00a0\u00a0\u00a0\u00a0\u00a0\u00a0\u00a0&#8211; din anul 1962 p\u00e2n\u0103 \u00een anul 1980, unitatea devine Sta\u0163iunea de Cercet\u0103ri Agricole \u015fi Zootehnice Br\u0103ila (S.C.A.Z.) \u015fi dezvolt\u0103 o nou\u0103 activitate util\u0103 \u00een zon\u0103 \u015fi anume producerea de s\u0103m\u00e2n\u0163\u0103 la culturile de c\u00e2mp \u015fi legumicole, c\u00e2t \u015fi dezvoltarea unei activit\u0103\u0163i \u00een domeniul cre\u015fterii animalelor (taurine, porcine, ovine \u015fi p\u0103s\u0103ri pentru ou\u0103)\u00a0;<\/strong><\/p>\n<p><!-- \/wp:paragraph --><\/p>\n<p><!-- wp:paragraph --><\/p>\n<p><strong>\u00a0\u00a0\u00a0\u00a0\u00a0\u00a0\u00a0\u00a0\u00a0\u00a0\u00a0&#8211; din anul 1980 p\u00e2n\u0103 \u00een 2002, sta\u0163iunea \u015fi-a complexat activitatea prin dezvoltarea cercet\u0103rilor \u00een domeniul amelior\u0103rii \u015fi valorific\u0103rii solurilor s\u0103r\u0103turate din Rom\u00e2nia, noua denumire devenind Sta\u0163iunea Central\u0103 de Cercet\u0103ri pentru Ameliorarea Solurilor S\u0103r\u0103turate Br\u0103ila (S.C.C.A.S.S.). \u00cen aceast\u0103 perioad\u0103, sta\u0163iunea Br\u0103ila a coordonat \u015fi a r\u0103spuns de programul na\u0163ional de cercetare \u015ftiin\u0163ific\u0103 din domeniul amelior\u0103rii solurilor s\u0103r\u0103turate;<\/strong><\/p>\n<p><!-- \/wp:paragraph --><\/p>\n<p><!-- wp:paragraph --><\/p>\n<p><strong>&#8211; din anul 2002, prin Legea 290, sta\u0163iunea s-a reorganizat \u00een conformitate cu noile condi\u0163ii \u015fi cerin\u0163e ale economiei de pia\u0163\u0103 \u015fi devine Sta\u0163iunea de Cercetare-Dezvoltare Agricol\u0103 Br\u0103ila (S.C.D.A.).<\/strong><\/p>\n<p><!-- \/wp:paragraph --><\/p>\n<p><!-- wp:paragraph --><\/p>\n<p><strong> &#8211; din anul 2019, prin HG 727\/02.10.2019, SCDA Br\u0103ila se reorganizeaz\u0103:<\/strong><\/p>\n<p><!-- \/wp:paragraph --><\/p>\n<p><!-- wp:paragraph --><\/p>\n<p><strong>\u00a0<a href=\"https:\/\/gov.ro\/ro\/guvernul\/procesul-legislativ\/note-de-fundamentare\/nota-de-fundamentare-hg-nr-727-02-10-2019&amp;page=22\" target=\"_blank\" rel=\"noreferrer noopener\">https:\/\/gov.ro\/ro\/guvernul\/procesul-legislativ\/note-de-fundamentare\/nota-de-fundamentare-hg-nr-727-02-10-2019&amp;page=22<\/a><\/strong><\/p>\n<p><!-- \/wp:paragraph --><\/p>\n<p><!-- wp:paragraph --><\/p>\n<p><strong>Organizare<\/strong><\/p>\n<p><!-- \/wp:paragraph --><\/p>\n<p><!-- wp:paragraph --><\/p>\n<p>\u00cen cadrul unit\u0103\u0163ii, \u00ee\u015fi desf\u0103\u015foar\u0103 activitatea dou\u0103 sectoare:<\/p>\n<p><!-- \/wp:paragraph --><\/p>\n<p><!-- wp:paragraph --><\/p>\n<p><strong>\u2013 SECTORUL DE CERCETARE<\/strong>\u00a0care de\u0163ine o suprafat\u0103 de 502\u00a0ha, repartizate \u00een mai multe centre experimentale,\u00a0\u015fi \u00een dou\u0103 laboratoare administrative, astfel:<\/p>\n<p><!-- \/wp:paragraph --><\/p>\n<p><!-- wp:paragraph --><\/p>\n<p><strong>Laboratorul administrativ I:<\/strong> &#8222;Pedologie, \u00eembun\u0103t\u0103\u021biri funciare \u0219i agrofitotehnica culturilor pe solurile degradate&#8221;, cu dou\u0103 laboratoare tehnice:<\/p>\n<p><!-- \/wp:paragraph --><\/p>\n<p><!-- wp:list --><\/p>\n<ul>\n<li style=\"list-style-type: none;\">\n<ul><!-- wp:list-item --><\/ul>\n<\/li>\n<\/ul>\n<ul>\n<li style=\"list-style-type: none;\">\n<ul>\n<li><strong>I.1.<\/strong> &#8222;Laboratorul pentru analize chimice ale solului \u0219i apei&#8221;<\/li>\n<\/ul>\n<\/li>\n<\/ul>\n<p><!-- \/wp:list-item --><\/p>\n<p><!-- wp:list-item --><\/p>\n<ul>\n<li style=\"list-style-type: none;\">\n<ul>\n<li><strong>I.2.<\/strong> &#8222;Laboratorul pentru analize fizice \u0219i hidrofizice ale solului \u0219i cartografiere&#8221;.<\/li>\n<\/ul>\n<\/li>\n<\/ul>\n<p><!-- \/wp:list-item --><\/p>\n<p><!-- \/wp:list --><\/p>\n<p><!-- wp:paragraph --><\/p>\n<p><strong>Laboratorul administrativ II: <\/strong>&#8221; Agrofitotehnica culturilor pe solurile zonale&#8221;, cu dou\u0103 laboratoare tehnice:<\/p>\n<p><!-- \/wp:paragraph --><\/p>\n<p><!-- wp:list --><\/p>\n<ul>\n<li style=\"list-style-type: none;\">\n<ul><!-- wp:list-item --><\/ul>\n<\/li>\n<\/ul>\n<ul>\n<li style=\"list-style-type: none;\">\n<ul>\n<li><strong>II.1.<\/strong> &#8222;Laboratorul pentru analize, determin\u0103ri agrofitotehnice \u0219i studiul plantei&#8221;<\/li>\n<\/ul>\n<\/li>\n<\/ul>\n<p><!-- \/wp:list-item --><\/p>\n<p><!-- wp:list-item --><\/p>\n<ul>\n<li style=\"list-style-type: none;\">\n<ul>\n<li><strong>II.2.<\/strong> &#8222;Laboratorul pentru determinari privind protec\u021bia plantelor&#8221;.<\/li>\n<\/ul>\n<\/li>\n<\/ul>\n<p><!-- \/wp:list-item --><\/p>\n<p><!-- \/wp:list --><\/p>\n<p><!-- wp:paragraph --><\/p>\n<p>Terenul pe care S.C.D.A. Br\u0103ila \u00ee\u015fi desf\u0103\u015foar\u0103 activitatea de cercetare, este repartizat \u00een prezent \u00een 5 centre de cercetare, \u00eensum\u00e2nd 502 ha:<\/p>\n<p><!-- \/wp:paragraph --><\/p>\n<p><!-- wp:list --><\/p>\n<ul>\n<li style=\"list-style-type: none;\">\n<ul><!-- wp:list-item --><\/ul>\n<\/li>\n<\/ul>\n<ul>\n<li style=\"list-style-type: none;\">\n<ul>\n<li>Centrul Experimental Chi\u015fcani \u2013 56 ha \u2013 Laboratorul administrativ II;<\/li>\n<\/ul>\n<\/li>\n<\/ul>\n<p><!-- \/wp:list-item --><\/p>\n<p><!-- wp:list-item --><\/p>\n<ul>\n<li style=\"list-style-type: none;\">\n<ul>\n<li>Centrul Experimental Polize\u015fti \u2013 32 ha &#8211; Laboratorul administrativ I;<\/li>\n<\/ul>\n<\/li>\n<\/ul>\n<p><!-- \/wp:list-item --><\/p>\n<p><!-- wp:list-item --><\/p>\n<ul>\n<li style=\"list-style-type: none;\">\n<ul>\n<li>Centrul Experimental IMB \u2013 200 ha &#8211; Laboratorul administrativ II;<\/li>\n<\/ul>\n<\/li>\n<\/ul>\n<p><!-- \/wp:list-item --><\/p>\n<p><!-- wp:list-item --><\/p>\n<ul>\n<li style=\"list-style-type: none;\">\n<ul>\n<li>Centrul Experimental Stejaru \u2013 114 ha &#8211; Laboratorul administrativ II;<\/li>\n<\/ul>\n<\/li>\n<\/ul>\n<p><!-- \/wp:list-item --><\/p>\n<p><!-- wp:list-item --><\/p>\n<ul>\n<li style=\"list-style-type: none;\">\n<ul>\n<li>Centrul Experimental Corbu \u2013 100 ha &#8211; Laboratorul administrativ I.<\/li>\n<\/ul>\n<\/li>\n<\/ul>\n<p><!-- \/wp:list-item --><\/p>\n<p><!-- \/wp:list --><\/p>\n<p><!-- wp:paragraph --><\/p>\n<p><strong>\u2013 SECTORUL DE DEZVOLTARE<\/strong>\u00a0cu o suprafa\u0163\u0103 de 2.155\u00a0ha \u00een care se produc semin\u0163e din categorii biologice superioare \u015fi furaje pentru animale, organizat \u00een mai multe baze experimentale, astfel:<\/p>\n<p><!-- \/wp:paragraph --><\/p>\n<p><!-- wp:list --><\/p>\n<ul>\n<li style=\"list-style-type: none;\">\n<ul><!-- wp:list-item --><\/ul>\n<\/li>\n<\/ul>\n<ul>\n<li style=\"list-style-type: none;\">\n<ul>\n<li>Centrul Experimental\u00a0Silistraru \u2013 337 ha\u00a0<\/li>\n<\/ul>\n<\/li>\n<\/ul>\n<p><!-- \/wp:list-item --><\/p>\n<p><!-- wp:list-item --><\/p>\n<ul>\n<li style=\"list-style-type: none;\">\n<ul>\n<li>Centrul Experimental\u00a0Lacu-Sarat \u2013 ferma agrozootehnica \u2013 348 ha\u00a0<\/li>\n<\/ul>\n<\/li>\n<\/ul>\n<p><!-- \/wp:list-item --><\/p>\n<p><!-- wp:list-item --><\/p>\n<ul>\n<li style=\"list-style-type: none;\">\n<ul>\n<li>Centrul Experimental\u00a0IMB \u2013 1470 ha\u00a0<\/li>\n<\/ul>\n<\/li>\n<\/ul>\n<p><!-- \/wp:list-item --><\/p>\n<p><!-- wp:list-item --><\/p>\n<ul>\n<li>Laboratorul experimental de prelucrat semin\u0163e (LEPS) \u2013 \u00een incinta SCDA Br\u0103ila.<\/li>\n<\/ul>\n<div><strong>S.C.D.A. Br\u0103ila\u00a0<\/strong>este membru fondator al asociatiei <strong>AGROSMART CLUSTER . <\/strong>Scopul principal al Asocia\u021biei \u00eel reprezint\u0103 planificarea \u0219i derularea de servicii \u0219i activit\u0103\u021bi de cercetare \u00een domeniul agriculturii \u0219i horticulturii, care vizeaz\u0103 promovarea \u0219i elaborarea mecanismelor de su\u021binere a \u00eentregii zone de sud-est a Rom\u00e2niei.<\/div>\n<p><!-- \/wp:list-item --><\/p>\n<p><!-- \/wp:list --><\/p>\n<p><!-- wp:separator --><\/p>\n<p><strong>S.C.D.A. Br\u0103ila<\/strong>\u00a0este gazda \u0219i organizatorul conferin\u021bei interna\u021bionale <strong>ICRESB.\u00a0<\/strong>Prin ICRESB, SCDA Br\u0103ila promoveaz\u0103 cercet\u0103rile legate de cultura orezului (\u201erice\u201d), dar \u0219i tehnologiile inginere\u0219ti relevante (\u201cengineering sciences\u201d).<\/p>\n<hr \/>\n<p><!-- \/wp:separator --><\/p>\n<p><!-- wp:columns --><\/p>\n<div>\n<p><!-- wp:column --><\/p>\n<div>\n<p><!-- wp:image {\"id\":2299,\"sizeSlug\":\"large\",\"linkDestination\":\"none\"} --><\/p>\n<figure><img decoding=\"async\" src=\"https:\/\/www.scdabraila.ro\/wp-content\/uploads\/2024\/02\/Sigla-Agrosmart-Cluster-1024x696.jpg\" alt=\"\" width=\"170\" height=\"115\" \/>\u00a0 \u00a0 \u00a0\u00a0<img loading=\"lazy\" decoding=\"async\" src=\"https:\/\/www.scdabraila.ro\/wp-content\/uploads\/2025\/11\/icresb-logo.jpg\" alt=\"\" width=\"122\" height=\"132\" \/>\u00a0<\/figure>\n<p><!-- \/wp:image --><\/p>\n<\/div>\n<p><!-- \/wp:column --><\/p>\n<p><!-- wp:column --><\/p>\n<div>\n<p><!-- wp:image {\"id\":2298,\"sizeSlug\":\"large\",\"linkDestination\":\"custom\"} --><\/p>\n<figure><a href=\"https:\/\/www.agrodatasmart.ro\/\" target=\"_blank\" rel=\"noreferrer noopener\"><img loading=\"lazy\" decoding=\"async\" src=\"https:\/\/www.scdabraila.ro\/wp-content\/uploads\/2024\/02\/Agrodata-Logo-2021-1024x201.jpg\" alt=\"\" width=\"162\" height=\"32\" \/><\/a><\/figure>\n<p><!-- \/wp:image --><\/p>\n<\/div>\n<p><!-- \/wp:column --><\/p>\n<\/div>\n<p><!-- \/wp:columns --><\/p>\t\t\t\t\t\t\t\t<\/div>\n\t\t\t\t<\/div>\n\t\t\t\t\t<\/div>\n\t\t<\/div>\n\t\t\t\t\t<\/div>\n\t\t<\/section>\n\t\t\t\t<\/div>\n\t\t","protected":false},"excerpt":{"rendered":"<p>Sta\u0163iunea de Cercetare-Dezvoltare Agricol\u0103\u00a0Br\u0103ila este o unitate de interes public subordonat\u0103\u00a0Academiei de \u015etiin\u0163e Agricole \u015fi Silvice \u201eGheorghe Ionescu \u015ei\u015fe\u015fti\u201d Bucure\u015fti, &hellip; <\/p>\n","protected":false},"author":1,"featured_media":0,"parent":0,"menu_order":0,"comment_status":"closed","ping_status":"closed","template":"","meta":{"_uag_custom_page_level_css":"","footnotes":""},"class_list":["post-1521","page","type-page","status-publish","hentry"],"uagb_featured_image_src":{"full":false,"thumbnail":false,"medium":false,"medium_large":false,"large":false,"1536x1536":false,"2048x2048":false,"education-zone-banner":false,"education-zone-image-full":false,"education-zone-image":false,"education-zone-recent-post":false,"education-zone-search-result":false,"education-zone-featured-course":false,"education-zone-testimonial":false,"education-zone-blog-full":false,"education-zone-schema":false,"woocommerce_thumbnail":false,"woocommerce_single":false,"woocommerce_gallery_thumbnail":false},"uagb_author_info":{"display_name":"admin","author_link":"https:\/\/www.scdabraila.ro\/index.php\/author\/admin\/"},"uagb_comment_info":0,"uagb_excerpt":"Sta\u0163iunea de Cercetare-Dezvoltare Agricol\u0103\u00a0Br\u0103ila este o unitate de interes public subordonat\u0103\u00a0Academiei de \u015etiin\u0163e Agricole \u015fi Silvice \u201eGheorghe Ionescu \u015ei\u015fe\u015fti\u201d Bucure\u015fti, &hellip;","jetpack_sharing_enabled":true,"_links":{"self":[{"href":"https:\/\/www.scdabraila.ro\/index.php\/wp-json\/wp\/v2\/pages\/1521","targetHints":{"allow":["GET"]}}],"collection":[{"href":"https:\/\/www.scdabraila.ro\/index.php\/wp-json\/wp\/v2\/pages"}],"about":[{"href":"https:\/\/www.scdabraila.ro\/index.php\/wp-json\/wp\/v2\/types\/page"}],"author":[{"embeddable":true,"href":"https:\/\/www.scdabraila.ro\/index.php\/wp-json\/wp\/v2\/users\/1"}],"replies":[{"embeddable":true,"href":"https:\/\/www.scdabraila.ro\/index.php\/wp-json\/wp\/v2\/comments?post=1521"}],"version-history":[{"count":53,"href":"https:\/\/www.scdabraila.ro\/index.php\/wp-json\/wp\/v2\/pages\/1521\/revisions"}],"predecessor-version":[{"id":2792,"href":"https:\/\/www.scdabraila.ro\/index.php\/wp-json\/wp\/v2\/pages\/1521\/revisions\/2792"}],"wp:attachment":[{"href":"https:\/\/www.scdabraila.ro\/index.php\/wp-json\/wp\/v2\/media?parent=1521"}],"curies":[{"name":"wp","href":"https:\/\/api.w.org\/{rel}","templated":true}]}}