{"id":139,"date":"2016-11-08T11:08:57","date_gmt":"2016-11-08T11:08:57","guid":{"rendered":"https:\/\/raratheme.com\/preview\/numinous\/?page_id=139"},"modified":"2022-05-10T05:41:02","modified_gmt":"2022-05-10T05:41:02","slug":"blog","status":"publish","type":"page","link":"https:\/\/www.scdabraila.ro\/index.php\/blog\/","title":{"rendered":"Despre SCDA Braila"},"content":{"rendered":"<p><\/p>\n\n\n<\/p>\n<p><strong>Sta\u0163iunea de Cercetare-Dezvoltare Agricol\u0103&nbsp;Br\u0103ila este o unitate de interes public subordonat\u0103&nbsp;Academiei de \u015etiin\u0163e Agricole \u015fi Silvice &#8222;Gheorghe Ionescu \u015ei\u015fe\u015fti&#8221; Bucure\u015fti, care la r\u00e2ndul s\u0103u este subordonat\u0103&nbsp;Ministerului Agriculturii \u015fi Dezvolt\u0103rii Rurale.<\/strong><\/p>\n<p>\n\n\n<p><\/p>\n\n\n<\/p>\n<p><strong>Scurt istoric:<\/strong><\/p>\n<p>\n\n\n<p><\/p>\n\n\n<\/p>\n<p><strong>&nbsp; &nbsp; &nbsp; &nbsp; &nbsp; S.C.D.A. Braila&nbsp; a fost infiintata \u00een anul 1954 ca prima unitate de cercetare stiintifica pentru culturi irigate din Romania, purtand denumirea de Statiunea Experimentala Agricola Braila (S.E.A.). In decursul timpului statiunea a fost organizata in conformitate cu cerintele si nevoile agriculturii, ca ramura economica, suferind mai multe schimbari ale denumirii precum si o complexare a obiectului de activitate:<\/strong><\/p>\n<p>\n\n\n<p><\/p>\n\n\n<\/p>\n<p><strong>&nbsp;&nbsp;&nbsp;&nbsp;&nbsp;&nbsp;&nbsp;&nbsp;&nbsp;&nbsp;&nbsp;&nbsp; -din anul 1962 pana in anul 1980, unitatea devine Statiunea de Cercetari Agricole si Zootehnice Braila (S.C.A.Z.) si dezvolta o noua activitate utila in zona si anume producerea de samanta la culturile de camp si legumicole, cat si dezvoltarea unei activitati in domeniul cresterii animalelor (taurine, porcine, ovine si pasari pentru oua)&nbsp;;<\/strong><\/p>\n<p>\n\n\n<p><\/p>\n\n\n<\/p>\n<p><strong>&nbsp;&nbsp;&nbsp;&nbsp;&nbsp;&nbsp;&nbsp;&nbsp;&nbsp;&nbsp;&nbsp;&nbsp; -din anul 1980 pana in 2002, statiunea si-a complexat activitatea prin dezvoltarea cercetarilor in domeniul ameliorarii si valorificarii solurilor saraturate din Romania, noua denumire fiind Statiunea Centrala de Cercetari pentru Ameliorarea Solurilor Saraturate Braila (S.C.C.A.S.S.)&nbsp;; in aceasta perioada statiunea Braila a coordonat si a raspuns de programul national de cercetare stiintifica din domeniul ameliorarii solurilor saraturate;<\/strong><\/p>\n<p>\n\n\n<p><\/p>\n\n\n<\/p>\n<p><strong>&nbsp;&nbsp;&nbsp;&nbsp;&nbsp;&nbsp;&nbsp;&nbsp;&nbsp;&nbsp;&nbsp;&nbsp; -din anul 2002, prin Legea 290, statiunea s-a reorganizat in conformitate cu noile conditii si cerinte ale economiei de piata si devine Statiunea de Cercetare-Dezvoltare Agricola Braila (S.C.D.A.).<\/strong><\/p>\n<p>\n\n\n<p><\/p>\n\n\n<\/p>\n<p><strong>Din anul 2019, prin HG 727\/02.10.2019, SCDA Braila se reorganizeaza:&nbsp;<a href=\"https:\/\/gov.ro\/ro\/guvernul\/procesul-legislativ\/note-de-fundamentare\/nota-de-fundamentare-hg-nr-727-02-10-2019&amp;page=22\" target=\"_blank\" rel=\"noreferrer noopener\">https:\/\/gov.ro\/ro\/guvernul\/procesul-legislativ\/note-de-fundamentare\/nota-de-fundamentare-hg-nr-727-02-10-2019&amp;page=22<\/a><\/strong><\/p>\n<p>\n\n\n<p><\/p>\n\n\n<\/p>\n<p><strong>In cadrul unitatii isi desfasoara activitatea doua sectoare :<\/strong><\/p>\n<p>\n\n\n<p><\/p>\n\n\n<\/p>\n<p><strong>&#8211; SECTORUL DE CERCETARE&nbsp;care detine o suprafata de 402&nbsp;ha, repartizate in mai multe centre experimentale,&nbsp;astfel:<\/strong><\/p>\n<p>\n\n\n<p><\/p>\n\n\n<\/p>\n<ul class=\"wp-block-list\">\n<li><strong>Centrul Experimental Chiscani &#8211; 56 ha;<\/strong><\/li>\n<li><strong>Centrul Experimental Polizesti &#8211; 32ha;<\/strong><\/li>\n<li><strong>Centrul Experimental IMB &#8211; 200 ha;<\/strong><\/li>\n<li><strong>Centrul Experimental Stejaru &#8211; 114 ha.<\/strong><\/li>\n<\/ul>\n<p>\n\n\n<p><\/p>\n\n\n<\/p>\n<p><strong>&#8211; SECTORUL DE DEZVOLTARE&nbsp;cu o suprafata de 2.255&nbsp;ha in care se produc seminte din categorii biologice superioare si furaje pentru animale, organizat in mai multe baze experimentale si puncte de lucru, astfel:<\/strong><\/p>\n<p>\n\n\n<p><\/p>\n\n\n<\/p>\n<ul class=\"wp-block-list\">\n<li><strong>Baza exp.veg.&nbsp;nr.1 \u2013Pct.&nbsp;Silistraru &#8211; 337 ha ;<\/strong><\/li>\n<li><strong>Baza exp.&nbsp;veg.&nbsp;nr.1 \u2013Pct.&nbsp;Lacu-Sarat &#8211; ferma agrozootehnica &#8211; 348 ha ;<\/strong><\/li>\n<li><strong>Baza&nbsp;exp. veg.&nbsp;nr 2 &#8211; IMB &#8211; 1470 ha ;<\/strong><\/li>\n<li><strong>Baza exp. veg. nr. 3&nbsp;CORBU &#8211; 100 ha .<\/strong><\/li><\/ul>\n<p>\n\n\n<p><\/p>\n<p>\t\t\t<iframe frameborder=\"0\" scrolling=\"no\" marginheight=\"0\" marginwidth=\"0\" src=\"https:\/\/maps.google.com\/maps?q=statiunea%20de%20cercetare%20dezvoltare%20agricola%20braila&amp;t=m&amp;z=7&amp;output=embed&amp;iwloc=near\" title=\"statiunea de cercetare dezvoltare agricola braila\" aria-label=\"statiunea de cercetare dezvoltare agricola braila\"><\/iframe><\/p>","protected":false},"excerpt":{"rendered":"<p>Sta\u0163iunea de Cercetare-Dezvoltare Agricol\u0103&nbsp;Br\u0103ila este o unitate de interes public subordonat\u0103&nbsp;Academiei de \u015etiin\u0163e Agricole \u015fi Silvice &#8222;Gheorghe Ionescu \u015ei\u015fe\u015fti&#8221; Bucure\u015fti, &hellip; <\/p>\n","protected":false},"author":1,"featured_media":953,"parent":0,"menu_order":0,"comment_status":"closed","ping_status":"closed","template":"","meta":{"_uag_custom_page_level_css":"","footnotes":""},"class_list":["post-139","page","type-page","status-publish","has-post-thumbnail","hentry"],"uagb_featured_image_src":{"full":["https:\/\/www.scdabraila.ro\/wp-content\/uploads\/2021\/02\/CLADIRE-CERCETARE-modif-1.jpg",1278,792,false],"thumbnail":["https:\/\/www.scdabraila.ro\/wp-content\/uploads\/2021\/02\/CLADIRE-CERCETARE-modif-1-150x150.jpg",150,150,true],"medium":["https:\/\/www.scdabraila.ro\/wp-content\/uploads\/2021\/02\/CLADIRE-CERCETARE-modif-1-300x186.jpg",300,186,true],"medium_large":["https:\/\/www.scdabraila.ro\/wp-content\/uploads\/2021\/02\/CLADIRE-CERCETARE-modif-1-768x476.jpg",750,465,true],"large":["https:\/\/www.scdabraila.ro\/wp-content\/uploads\/2021\/02\/CLADIRE-CERCETARE-modif-1-1024x635.jpg",750,465,true],"1536x1536":["https:\/\/www.scdabraila.ro\/wp-content\/uploads\/2021\/02\/CLADIRE-CERCETARE-modif-1.jpg",1278,792,false],"2048x2048":["https:\/\/www.scdabraila.ro\/wp-content\/uploads\/2021\/02\/CLADIRE-CERCETARE-modif-1.jpg",1278,792,false],"education-zone-banner":["https:\/\/www.scdabraila.ro\/wp-content\/uploads\/2021\/02\/CLADIRE-CERCETARE-modif-1-1278x692.jpg",1278,692,true],"education-zone-image-full":["https:\/\/www.scdabraila.ro\/wp-content\/uploads\/2021\/02\/CLADIRE-CERCETARE-modif-1-1140x458.jpg",1140,458,true],"education-zone-image":["https:\/\/www.scdabraila.ro\/wp-content\/uploads\/2021\/02\/CLADIRE-CERCETARE-modif-1-750x458.jpg",750,458,true],"education-zone-recent-post":["https:\/\/www.scdabraila.ro\/wp-content\/uploads\/2021\/02\/CLADIRE-CERCETARE-modif-1-70x70.jpg",70,70,true],"education-zone-search-result":["https:\/\/www.scdabraila.ro\/wp-content\/uploads\/2021\/02\/CLADIRE-CERCETARE-modif-1-246x246.jpg",246,246,true],"education-zone-featured-course":["https:\/\/www.scdabraila.ro\/wp-content\/uploads\/2021\/02\/CLADIRE-CERCETARE-modif-1-276x276.jpg",276,276,true],"education-zone-testimonial":["https:\/\/www.scdabraila.ro\/wp-content\/uploads\/2021\/02\/CLADIRE-CERCETARE-modif-1-125x125.jpg",125,125,true],"education-zone-blog-full":["https:\/\/www.scdabraila.ro\/wp-content\/uploads\/2021\/02\/CLADIRE-CERCETARE-modif-1-848x480.jpg",848,480,true],"education-zone-schema":["https:\/\/www.scdabraila.ro\/wp-content\/uploads\/2021\/02\/CLADIRE-CERCETARE-modif-1-600x60.jpg",600,60,true],"woocommerce_thumbnail":["https:\/\/www.scdabraila.ro\/wp-content\/uploads\/2021\/02\/CLADIRE-CERCETARE-modif-1-300x300.jpg",300,300,true],"woocommerce_single":["https:\/\/www.scdabraila.ro\/wp-content\/uploads\/2021\/02\/CLADIRE-CERCETARE-modif-1-600x372.jpg",600,372,true],"woocommerce_gallery_thumbnail":["https:\/\/www.scdabraila.ro\/wp-content\/uploads\/2021\/02\/CLADIRE-CERCETARE-modif-1-100x100.jpg",100,100,true]},"uagb_author_info":{"display_name":"admin","author_link":"https:\/\/www.scdabraila.ro\/index.php\/author\/admin\/"},"uagb_comment_info":0,"uagb_excerpt":"Sta\u0163iunea de Cercetare-Dezvoltare Agricol\u0103&nbsp;Br\u0103ila este o unitate de interes public subordonat\u0103&nbsp;Academiei de \u015etiin\u0163e Agricole \u015fi Silvice &#8222;Gheorghe Ionescu \u015ei\u015fe\u015fti&#8221; Bucure\u015fti, &hellip;","jetpack_sharing_enabled":true,"_links":{"self":[{"href":"https:\/\/www.scdabraila.ro\/index.php\/wp-json\/wp\/v2\/pages\/139","targetHints":{"allow":["GET"]}}],"collection":[{"href":"https:\/\/www.scdabraila.ro\/index.php\/wp-json\/wp\/v2\/pages"}],"about":[{"href":"https:\/\/www.scdabraila.ro\/index.php\/wp-json\/wp\/v2\/types\/page"}],"author":[{"embeddable":true,"href":"https:\/\/www.scdabraila.ro\/index.php\/wp-json\/wp\/v2\/users\/1"}],"replies":[{"embeddable":true,"href":"https:\/\/www.scdabraila.ro\/index.php\/wp-json\/wp\/v2\/comments?post=139"}],"version-history":[{"count":10,"href":"https:\/\/www.scdabraila.ro\/index.php\/wp-json\/wp\/v2\/pages\/139\/revisions"}],"predecessor-version":[{"id":1515,"href":"https:\/\/www.scdabraila.ro\/index.php\/wp-json\/wp\/v2\/pages\/139\/revisions\/1515"}],"wp:featuredmedia":[{"embeddable":true,"href":"https:\/\/www.scdabraila.ro\/index.php\/wp-json\/wp\/v2\/media\/953"}],"wp:attachment":[{"href":"https:\/\/www.scdabraila.ro\/index.php\/wp-json\/wp\/v2\/media?parent=139"}],"curies":[{"name":"wp","href":"https:\/\/api.w.org\/{rel}","templated":true}]}}