{"id":1242,"date":"2021-04-28T05:57:12","date_gmt":"2021-04-28T05:57:12","guid":{"rendered":"https:\/\/www.scdabraila.ro\/?page_id=1242"},"modified":"2021-04-28T06:12:30","modified_gmt":"2021-04-28T06:12:30","slug":"perspective-privind-importanta-digitalizarii-agriculturii-pentru-producerea-de-samanta","status":"publish","type":"page","link":"https:\/\/www.scdabraila.ro\/index.php\/perspective-privind-importanta-digitalizarii-agriculturii-pentru-producerea-de-samanta\/","title":{"rendered":"PERSPECTIVE PRIVIND IMPORTANTA DIGITALIZARII AGRICULTURII PENTRU PRODUCEREA DE SAMANTA"},"content":{"rendered":"\n<p class=\"has-normal-font-size\"><strong>28 MAI 2021<\/strong><\/p>\n\n\n\n<p>Stima\u0163i colegi, parteneri \u015fi colaboratori,<\/p>\n\n\n\n<p>Avem deosebita pl\u0103cere s\u0103 v\u0103 invit\u0103m la simpozionul organizat de SCDA Br\u0103ila, \u00een colaborare cu Universitatea Dun\u0103rea de Jos din Gala\u0163i \u015fi SC Livandi SRL, pentru prezentarea proiectului CERCET\u04d0RI PRIVIND DIGITALIZAREA AGRICULTURII \u00ceN B\u0102R\u0102GANUL DE NORD, PRIN UTILIZAREA DRONELOR \u015eI SATELI\u021aILOR, CU SCOPUL MONITORIZ\u04d0RII CULTURILOR \u015eI EFICIENTIZ\u04d0RII TEHNOLOGIILOR AGRICOLE [AGRODATA] &#8211; PN-III-P2-2.1-PTE-2019-0085, c\u00e2t \u015fi a altor lucr\u0103ri de interes \u00een domeniu.<\/p>\n\n\n\n<p>Simpozionul intitulat <strong>PERSPECTIVE PRIVIND IMPORTAN\u0162A DIGITALIZ\u0102RII AGRICULTURII PENTRU PRODUCEREA DE S\u0102M\u00c2N\u0162\u0102<\/strong> este organizat nu numai pentru prezentarea proiectului, ci mai ales pentru a aduce \u00een prim plan necesitatea folosirii tehnologiei digitale, a dronelor, sateli\u0163ilor \u015fi a inteligen\u0163ei artificiale \u00een agricultur\u0103.<\/p>\n\n\n\n<p>Aceast\u0103 invita\u0163ie este prima trimis\u0103, iar \u00een func\u0163ie de num\u0103rul de lucr\u0103ri care vor fi \u00eenscrise, v\u0103 vom face cunoscut din timp programul \u015fi modul de organizare.<\/p>\n\n\n\n<p>A\u015ftept\u0103m cu deosebit interes s\u0103 v\u0103 \u00eenscrie\u0163i pentru a v\u0103 face cunoscute rezultatele activit\u0103\u0163ii dumneavoastr\u0103 prodigioase de cercetare, at\u00e2t \u00een r\u00e2ndul colegilor, c\u00e2t mai ales \u00een r\u00e2ndul fermierilor, studen\u0163ilor \u015fi posibililor colaboratori din domeniul antreprenorial, universitar \u015fi al cercet\u0103rii agricole.<\/p>\n\n\n\n<p>V\u0103 rug\u0103m s\u0103 disemina\u0163i aceast\u0103 invita\u0163ie tuturor colegilor care considera\u0163i c\u0103 ar fi interesa\u0163i s\u0103 participe la eveniment!<\/p>\n\n\n\n<p>V\u0103 mul\u0163umim!<\/p>\n\n\n\n<figure class=\"wp-block-image size-large is-resized\"><img fetchpriority=\"high\" decoding=\"async\" src=\"https:\/\/www.scdabraila.ro\/wp-content\/uploads\/2021\/04\/Invitatie-SCDA-Braila-28.05.2021-768x1024.jpg\" alt=\"\" class=\"wp-image-1243\" width=\"801\" height=\"1068\" srcset=\"https:\/\/www.scdabraila.ro\/wp-content\/uploads\/2021\/04\/Invitatie-SCDA-Braila-28.05.2021-768x1024.jpg 768w, https:\/\/www.scdabraila.ro\/wp-content\/uploads\/2021\/04\/Invitatie-SCDA-Braila-28.05.2021-600x800.jpg 600w, https:\/\/www.scdabraila.ro\/wp-content\/uploads\/2021\/04\/Invitatie-SCDA-Braila-28.05.2021-225x300.jpg 225w, https:\/\/www.scdabraila.ro\/wp-content\/uploads\/2021\/04\/Invitatie-SCDA-Braila-28.05.2021-1152x1536.jpg 1152w, https:\/\/www.scdabraila.ro\/wp-content\/uploads\/2021\/04\/Invitatie-SCDA-Braila-28.05.2021.jpg 1280w\" sizes=\"(max-width: 801px) 100vw, 801px\" \/><\/figure>\n","protected":false},"excerpt":{"rendered":"<p>28 MAI 2021 Stima\u0163i colegi, parteneri \u015fi colaboratori, Avem deosebita pl\u0103cere s\u0103 v\u0103 invit\u0103m la simpozionul organizat de SCDA Br\u0103ila, &hellip; <\/p>\n","protected":false},"author":1,"featured_media":0,"parent":0,"menu_order":0,"comment_status":"closed","ping_status":"closed","template":"","meta":{"_uag_custom_page_level_css":"","footnotes":""},"class_list":["post-1242","page","type-page","status-publish","hentry"],"uagb_featured_image_src":{"full":false,"thumbnail":false,"medium":false,"medium_large":false,"large":false,"1536x1536":false,"2048x2048":false,"education-zone-banner":false,"education-zone-image-full":false,"education-zone-image":false,"education-zone-recent-post":false,"education-zone-search-result":false,"education-zone-featured-course":false,"education-zone-testimonial":false,"education-zone-blog-full":false,"education-zone-schema":false,"woocommerce_thumbnail":false,"woocommerce_single":false,"woocommerce_gallery_thumbnail":false},"uagb_author_info":{"display_name":"admin","author_link":"https:\/\/www.scdabraila.ro\/index.php\/author\/admin\/"},"uagb_comment_info":0,"uagb_excerpt":"28 MAI 2021 Stima\u0163i colegi, parteneri \u015fi colaboratori, Avem deosebita pl\u0103cere s\u0103 v\u0103 invit\u0103m la simpozionul organizat de SCDA Br\u0103ila, &hellip;","jetpack_sharing_enabled":true,"_links":{"self":[{"href":"https:\/\/www.scdabraila.ro\/index.php\/wp-json\/wp\/v2\/pages\/1242","targetHints":{"allow":["GET"]}}],"collection":[{"href":"https:\/\/www.scdabraila.ro\/index.php\/wp-json\/wp\/v2\/pages"}],"about":[{"href":"https:\/\/www.scdabraila.ro\/index.php\/wp-json\/wp\/v2\/types\/page"}],"author":[{"embeddable":true,"href":"https:\/\/www.scdabraila.ro\/index.php\/wp-json\/wp\/v2\/users\/1"}],"replies":[{"embeddable":true,"href":"https:\/\/www.scdabraila.ro\/index.php\/wp-json\/wp\/v2\/comments?post=1242"}],"version-history":[{"count":2,"href":"https:\/\/www.scdabraila.ro\/index.php\/wp-json\/wp\/v2\/pages\/1242\/revisions"}],"predecessor-version":[{"id":1252,"href":"https:\/\/www.scdabraila.ro\/index.php\/wp-json\/wp\/v2\/pages\/1242\/revisions\/1252"}],"wp:attachment":[{"href":"https:\/\/www.scdabraila.ro\/index.php\/wp-json\/wp\/v2\/media?parent=1242"}],"curies":[{"name":"wp","href":"https:\/\/api.w.org\/{rel}","templated":true}]}}