{"id":1023,"date":"2021-03-22T10:48:25","date_gmt":"2021-03-22T10:48:25","guid":{"rendered":"https:\/\/www.scdabraila.ro\/?page_id=1023"},"modified":"2023-01-06T09:41:43","modified_gmt":"2023-01-06T09:41:43","slug":"sesiunea-2021-2022","status":"publish","type":"page","link":"https:\/\/www.scdabraila.ro\/index.php\/sesiunea-2021-2022\/","title":{"rendered":"SESIUNEA 2021 &#8211; 2022"},"content":{"rendered":"\n<p>CURSURI DE PERFECTIONARE 2021<\/p>\n\n\n\n<figure class=\"wp-block-image size-large is-resized\"><img fetchpriority=\"high\" decoding=\"async\" src=\"https:\/\/www.scdabraila.ro\/wp-content\/uploads\/2021\/03\/PROGRAM-CURSURI-326x1024.png\" alt=\"\" class=\"wp-image-1025\" width=\"445\" height=\"1398\" srcset=\"https:\/\/www.scdabraila.ro\/wp-content\/uploads\/2021\/03\/PROGRAM-CURSURI-326x1024.png 326w, https:\/\/www.scdabraila.ro\/wp-content\/uploads\/2021\/03\/PROGRAM-CURSURI-600x1886.png 600w, https:\/\/www.scdabraila.ro\/wp-content\/uploads\/2021\/03\/PROGRAM-CURSURI-489x1536.png 489w, https:\/\/www.scdabraila.ro\/wp-content\/uploads\/2021\/03\/PROGRAM-CURSURI-652x2048.png 652w, https:\/\/www.scdabraila.ro\/wp-content\/uploads\/2021\/03\/PROGRAM-CURSURI.png 700w\" sizes=\"(max-width: 445px) 100vw, 445px\" \/><\/figure>\n\n\n\n<p><\/p>\n\n\n\n<p class=\"has-medium-font-size\"><strong><span class=\"has-inline-color has-vivid-green-cyan-color\">CURS 1<\/span><\/strong><\/p>\n\n\n\n<div class=\"wp-block-file\"><a id=\"wp-block-file--media-ad1140d7-5d5f-4e2e-b0c3-c0eb0036b6aa\" href=\"https:\/\/www.scdabraila.ro\/wp-content\/uploads\/2021\/03\/CURS-1.1.pdf\">CURS-1.1<\/a><a href=\"https:\/\/www.scdabraila.ro\/wp-content\/uploads\/2021\/03\/CURS-1.1.pdf\" class=\"wp-block-file__button\" download aria-describedby=\"wp-block-file--media-ad1140d7-5d5f-4e2e-b0c3-c0eb0036b6aa\">Descarc\u0103<\/a><\/div>\n\n\n\n<div class=\"wp-block-file\"><a id=\"wp-block-file--media-441903c7-06f1-477b-b6ef-f56fd0251475\" href=\"https:\/\/www.scdabraila.ro\/wp-content\/uploads\/2021\/03\/CURS-1.2..pdf\">CURS-1.2<\/a><a href=\"https:\/\/www.scdabraila.ro\/wp-content\/uploads\/2021\/03\/CURS-1.2..pdf\" class=\"wp-block-file__button\" download aria-describedby=\"wp-block-file--media-441903c7-06f1-477b-b6ef-f56fd0251475\">Descarc\u0103<\/a><\/div>\n\n\n\n<div class=\"wp-block-file\"><a id=\"wp-block-file--media-cfecb762-bdab-4503-83be-987429836fad\" href=\"https:\/\/www.scdabraila.ro\/wp-content\/uploads\/2021\/03\/CURS-1.3..pdf\">CURS-1.3.<\/a><a href=\"https:\/\/www.scdabraila.ro\/wp-content\/uploads\/2021\/03\/CURS-1.3..pdf\" class=\"wp-block-file__button\" download aria-describedby=\"wp-block-file--media-cfecb762-bdab-4503-83be-987429836fad\">Descarc\u0103<\/a><\/div>\n\n\n\n<div class=\"wp-block-file\"><a id=\"wp-block-file--media-f7439d09-4968-441e-8193-3ecaba598005\" href=\"https:\/\/www.scdabraila.ro\/wp-content\/uploads\/2021\/03\/CURS-1.4..pdf\">CURS-1.4<\/a><a href=\"https:\/\/www.scdabraila.ro\/wp-content\/uploads\/2021\/03\/CURS-1.4..pdf\" class=\"wp-block-file__button\" download aria-describedby=\"wp-block-file--media-f7439d09-4968-441e-8193-3ecaba598005\">Descarc\u0103<\/a><\/div>\n\n\n\n<div class=\"wp-block-file\"><a id=\"wp-block-file--media-049d86f8-9e8c-4634-b06e-a6961bb5812e\" href=\"https:\/\/www.scdabraila.ro\/wp-content\/uploads\/2021\/03\/Harta-de-productivitate-combina.pdf\">Harta de productivitate combina<\/a><a href=\"https:\/\/www.scdabraila.ro\/wp-content\/uploads\/2021\/03\/Harta-de-productivitate-combina.pdf\" class=\"wp-block-file__button\" download aria-describedby=\"wp-block-file--media-049d86f8-9e8c-4634-b06e-a6961bb5812e\">Descarc\u0103<\/a><\/div>\n\n\n\n<p><\/p>\n\n\n\n<p class=\"has-medium-font-size\"><mark style=\"background-color:rgba(0, 0, 0, 0)\" class=\"has-inline-color has-vivid-green-cyan-color\"><strong>CURS 2<\/strong><\/mark><\/p>\n\n\n\n<div class=\"wp-block-file\"><a id=\"wp-block-file--media-59fa96e2-a4d4-47c2-96e7-38346b75ce63\" href=\"https:\/\/www.scdabraila.ro\/wp-content\/uploads\/2021\/03\/Curs-2.1..pdf\">Curs-2.1<\/a><a href=\"https:\/\/www.scdabraila.ro\/wp-content\/uploads\/2021\/03\/Curs-2.1..pdf\" class=\"wp-block-file__button\" download aria-describedby=\"wp-block-file--media-59fa96e2-a4d4-47c2-96e7-38346b75ce63\">Descarc\u0103<\/a><\/div>\n\n\n\n<div class=\"wp-block-buttons is-layout-flex wp-block-buttons-is-layout-flex\">\n<div class=\"wp-block-button\"><a class=\"wp-block-button__link\" href=\"http:\/\/docs.metos.at\/Disease+model_en\">Curs-2.2<\/a><\/div>\n<\/div>\n\n\n\n<div class=\"wp-block-file\"><a id=\"wp-block-file--media-222a1c7a-b8bf-4f4b-8588-21739c675819\" href=\"https:\/\/www.scdabraila.ro\/wp-content\/uploads\/2021\/03\/Curs-2.3..pdf\">Curs-2.3<\/a><a href=\"https:\/\/www.scdabraila.ro\/wp-content\/uploads\/2021\/03\/Curs-2.3..pdf\" class=\"wp-block-file__button\" download aria-describedby=\"wp-block-file--media-222a1c7a-b8bf-4f4b-8588-21739c675819\">Descarc\u0103<\/a><\/div>\n\n\n\n<div class=\"wp-block-file\"><a id=\"wp-block-file--media-8a68a87d-d7d7-4b83-a5f0-8cc6799be86a\" href=\"https:\/\/www.scdabraila.ro\/wp-content\/uploads\/2021\/03\/Anexa-curs-2.3..pdf\">Anexa-curs-2.3<\/a><a href=\"https:\/\/www.scdabraila.ro\/wp-content\/uploads\/2021\/03\/Anexa-curs-2.3..pdf\" class=\"wp-block-file__button\" download aria-describedby=\"wp-block-file--media-8a68a87d-d7d7-4b83-a5f0-8cc6799be86a\">Descarc\u0103<\/a><\/div>\n\n\n\n<p>Cursul 3\/2021<\/p>\n\n\n\n<figure class=\"wp-block-embed is-type-video is-provider-youtube wp-block-embed-youtube wp-embed-aspect-16-9 wp-has-aspect-ratio\"><div class=\"wp-block-embed__wrapper\">\n<div class=\"jetpack-video-wrapper\"><iframe title=\"Cursul nr. 3\/2021 organizat de SCDA Braila in Modulul cursurilor interne de primavara 2021\" width=\"750\" height=\"422\" src=\"https:\/\/www.youtube.com\/embed\/IAa6DzDuL1Q?feature=oembed\" frameborder=\"0\" allow=\"accelerometer; autoplay; clipboard-write; encrypted-media; gyroscope; picture-in-picture; web-share\" allowfullscreen><\/iframe><\/div>\n<\/div><\/figure>\n\n\n\n<hr class=\"wp-block-separator has-alpha-channel-opacity\"\/>\n\n\n\n<p>Cursul 4\/2021<\/p>\n\n\n\n<figure class=\"wp-block-embed is-type-video is-provider-youtube wp-block-embed-youtube wp-embed-aspect-16-9 wp-has-aspect-ratio\"><div class=\"wp-block-embed__wrapper\">\n<div class=\"jetpack-video-wrapper\"><iframe title=\"Cursul nr. 4 din Modulul de primavara 2021 al cursurilor de perfectionare organizate de SCDA Braila\" width=\"750\" height=\"422\" src=\"https:\/\/www.youtube.com\/embed\/iHUtuGV5UAA?feature=oembed\" frameborder=\"0\" allow=\"accelerometer; autoplay; clipboard-write; encrypted-media; gyroscope; picture-in-picture; web-share\" allowfullscreen><\/iframe><\/div>\n<\/div><\/figure>\n\n\n\n<hr class=\"wp-block-separator has-alpha-channel-opacity\"\/>\n\n\n\n<p>Cursul 5\/2021<\/p>\n\n\n\n<figure class=\"wp-block-embed is-type-video is-provider-youtube wp-block-embed-youtube wp-embed-aspect-16-9 wp-has-aspect-ratio\"><div class=\"wp-block-embed__wrapper\">\n<div class=\"jetpack-video-wrapper\"><iframe title=\"Cursul nr. 5 din modulul de primavara 2021 al cursurilor de perfectionare organizate de SCDA Braila\" width=\"750\" height=\"422\" src=\"https:\/\/www.youtube.com\/embed\/RExVEwoLYjo?feature=oembed\" frameborder=\"0\" allow=\"accelerometer; autoplay; clipboard-write; encrypted-media; gyroscope; picture-in-picture; web-share\" allowfullscreen><\/iframe><\/div>\n<\/div><\/figure>\n\n\n\n<hr class=\"wp-block-separator has-alpha-channel-opacity\"\/>\n\n\n\n<p>Cursul 6\/2021<\/p>\n\n\n\n<figure class=\"wp-block-embed is-type-video is-provider-youtube wp-block-embed-youtube wp-embed-aspect-16-9 wp-has-aspect-ratio\"><div class=\"wp-block-embed__wrapper\">\n<div class=\"jetpack-video-wrapper\"><iframe title=\"Cursul nr. 6 din modulul de prim\u0103var\u0103 al cursurilor de perfec\u0163ionare profesional\u0103 SCDA Br\u0103ila\" width=\"750\" height=\"422\" src=\"https:\/\/www.youtube.com\/embed\/Gv62kwj-VfM?feature=oembed\" frameborder=\"0\" allow=\"accelerometer; autoplay; clipboard-write; encrypted-media; gyroscope; picture-in-picture; web-share\" allowfullscreen><\/iframe><\/div>\n<\/div><\/figure>\n\n\n\n<hr class=\"wp-block-separator has-alpha-channel-opacity\"\/>\n","protected":false},"excerpt":{"rendered":"<p>CURSURI DE PERFECTIONARE 2021 CURS 1 CURS 2 Cursul 3\/2021 Cursul 4\/2021 Cursul 5\/2021 Cursul 6\/2021<\/p>\n","protected":false},"author":1,"featured_media":0,"parent":0,"menu_order":0,"comment_status":"closed","ping_status":"closed","template":"","meta":{"_uag_custom_page_level_css":"","footnotes":""},"class_list":["post-1023","page","type-page","status-publish","hentry"],"uagb_featured_image_src":{"full":false,"thumbnail":false,"medium":false,"medium_large":false,"large":false,"1536x1536":false,"2048x2048":false,"education-zone-banner":false,"education-zone-image-full":false,"education-zone-image":false,"education-zone-recent-post":false,"education-zone-search-result":false,"education-zone-featured-course":false,"education-zone-testimonial":false,"education-zone-blog-full":false,"education-zone-schema":false,"woocommerce_thumbnail":false,"woocommerce_single":false,"woocommerce_gallery_thumbnail":false},"uagb_author_info":{"display_name":"admin","author_link":"https:\/\/www.scdabraila.ro\/index.php\/author\/admin\/"},"uagb_comment_info":0,"uagb_excerpt":"CURSURI DE PERFECTIONARE 2021 CURS 1 CURS 2 Cursul 3\/2021 Cursul 4\/2021 Cursul 5\/2021 Cursul 6\/2021","jetpack_sharing_enabled":true,"_links":{"self":[{"href":"https:\/\/www.scdabraila.ro\/index.php\/wp-json\/wp\/v2\/pages\/1023","targetHints":{"allow":["GET"]}}],"collection":[{"href":"https:\/\/www.scdabraila.ro\/index.php\/wp-json\/wp\/v2\/pages"}],"about":[{"href":"https:\/\/www.scdabraila.ro\/index.php\/wp-json\/wp\/v2\/types\/page"}],"author":[{"embeddable":true,"href":"https:\/\/www.scdabraila.ro\/index.php\/wp-json\/wp\/v2\/users\/1"}],"replies":[{"embeddable":true,"href":"https:\/\/www.scdabraila.ro\/index.php\/wp-json\/wp\/v2\/comments?post=1023"}],"version-history":[{"count":10,"href":"https:\/\/www.scdabraila.ro\/index.php\/wp-json\/wp\/v2\/pages\/1023\/revisions"}],"predecessor-version":[{"id":1727,"href":"https:\/\/www.scdabraila.ro\/index.php\/wp-json\/wp\/v2\/pages\/1023\/revisions\/1727"}],"wp:attachment":[{"href":"https:\/\/www.scdabraila.ro\/index.php\/wp-json\/wp\/v2\/media?parent=1023"}],"curies":[{"name":"wp","href":"https:\/\/api.w.org\/{rel}","templated":true}]}}